{"id":11556,"date":"2018-04-18T16:42:37","date_gmt":"2018-04-18T14:42:37","guid":{"rendered":"https:\/\/www.zhermack.com\/?page_id=11556"},"modified":"2025-08-20T09:26:08","modified_gmt":"2025-08-20T07:26:08","slug":"home-page","status":"publish","type":"page","link":"https:\/\/www.zhermack.com\/pl\/","title":{"rendered":"O nas"},"content":{"rendered":"<div class=\"wpb-content-wrapper\"><p>[vc_row full_width=&#8221;stretch_row_content_no_spaces&#8221; css=&#8221;.vc_custom_1498491953712{padding-top: 1em !important;padding-bottom: 1em !important;}&#8221;][vc_column el_class=&#8221;container&#8221;][vc_row_inner 0=&#8221;&#8221; css=&#8221;.vc_custom_1701704656920{padding-right: 2rem !important;padding-left: 2rem !important;}&#8221;][vc_column_inner width=&#8221;1\/2&#8243; offset=&#8221;vc_col-sm-offset-3&#8243;][vc_column_text 0=&#8221;&#8221; css=&#8221;&#8221;]<\/p>\n<h1 class=\"h2\" style=\"text-align: center;\">\u015awiat Zhermack<\/h1>\n<p class=\"subtitle\" style=\"text-align: center;\">Materia\u0142y i rozwi\u0105zania dla sektora stomatologicznego, przemys\u0142owego i dobrego samopoczucia<\/p>\n<p id=\"tw-target-text\" class=\"tw-data-text tw-ta tw-text-small\" dir=\"ltr\" style=\"text-align: center;\" data-placeholder=\"Traduzione\"><span lang=\"pl\">Zhermack SpA jest jednym z najwi\u0119kszych mi\u0119dzynarodowych producent\u00f3w i dystrybutor\u00f3w <strong>alginat\u00f3w, gips\u00f3w dentystycznych i silikon\u00f3w<\/strong> dla sektora stomatologicznego od ponad 35 lat, a tak\u017ce ca\u0142\u0105 gam\u0105 produkt\u00f3w dla r\u00f3\u017cnych sektor\u00f3w przemys\u0142u i \u015bwiata wellness.<\/span><\/p>\n<p style=\"text-align: center;\">Dental, Industrial, Wellbeing:<strong> trzy dywizje<\/strong>, aby zawsze reagowa\u0107 na rynek doskona\u0142ymi rozwi\u0105zaniami. Za\u0142o\u017cona we W\u0142oszech w 1981 roku firma Zhermack ma przedstawicielstwa w r\u00f3\u017cnych krajach \u015bwiata.<\/p>\n<p style=\"text-align: center;\"><a class=\"btn btn-lg btn-primary my-1\" href=\"https:\/\/www.zhermack.com\/pl\/firma\/\">Nasza firma<\/a><\/p>\n<p>[\/vc_column_text][\/vc_column_inner][\/vc_row_inner][\/vc_column][\/vc_row][vc_row full_width=&#8221;stretch_row_content_no_spaces&#8221; css=&#8221;.vc_custom_1498491959796{padding-top: 1em !important;padding-right: 3em !important;padding-bottom: 1em !important;padding-left: 3em !important;background-color: #f9f9f9 !important;}&#8221;][vc_column el_class=&#8221;container-fluid&#8221;][vc_column_text 0=&#8221;&#8221;]<\/p>\n<h2 style=\"text-align: center;\">Trzy dywizje, jedna wizja<\/h2>\n<p style=\"text-align: center;\">Rozwi\u0105zania doskona\u0142o\u015bci dla przemys\u0142u dentystycznego, przemys\u0142u, kosmetyk\u00f3w i higieny osobistej<\/p>\n<p>[\/vc_column_text][vc_row_inner equal_height=&#8221;yes&#8221; css=&#8221;.vc_custom_1524131733574{margin-top: 2em !important;margin-bottom: 2em !important;}&#8221;][vc_column_inner el_class=&#8221;px-md-2 full-box&#8221; width=&#8221;1\/3&#8243;][vc_column_text 0=&#8221;&#8221;]<div class=\"full-box\" style=\"background-color:#E3022E\">\r\n\t\t\t\t\t\t<img decoding=\"async\" data-src=\"\/public\/uploads\/Dental_Division_1.jpg\" class=\"img-responsive center-block w100 lazyload\" src=\"data:image\/svg+xml;base64,PHN2ZyB3aWR0aD0iMSIgaGVpZ2h0PSIxIiB4bWxucz0iaHR0cDovL3d3dy53My5vcmcvMjAwMC9zdmciPjwvc3ZnPg==\">\r\n\t\t\t\t\t\t<div class=\"full-box-content\">\r\n\t\t\t\t\t\t\t<h3>Rozwi\u0105zania stomatologiczne<\/h3>\r\n\t\t\t\t\t\t\t<div class=\"separator separator-white\"><\/div>\r\n\t\t\t\t\t\t\t<p>Szeroka gama materia\u0142\u00f3w i rozwi\u0105za\u0144 dla gabinet\u00f3w dentystycznych i laboratori\u00f3w dentystycznych.<\/p>\r\n\t\t\t\t\t\t\t<a href=\"https:\/\/www.zhermack.com\/pl\/product_category\/dental-pl\/\" class=\"btn btn-primary outlinew btn-lg my-1\">Dowiedz si\u0119 wi\u0119cej<\/a>\r\n\t\t\t\t\t\t<\/div>\r\n\t\t\t\t\t<\/div>[\/vc_column_text][\/vc_column_inner][vc_column_inner el_class=&#8221;px-md-2 full-box&#8221; width=&#8221;1\/3&#8243;][vc_column_text 0=&#8221;&#8221;]<div class=\"full-box\" style=\"background-color:#4eb0cc\">\r\n\t\t\t\t\t\t<img decoding=\"async\" data-src=\"\/public\/uploads\/Industrial_Division_1.jpg\" class=\"img-responsive center-block w100 lazyload\" src=\"data:image\/svg+xml;base64,PHN2ZyB3aWR0aD0iMSIgaGVpZ2h0PSIxIiB4bWxucz0iaHR0cDovL3d3dy53My5vcmcvMjAwMC9zdmciPjwvc3ZnPg==\">\r\n\t\t\t\t\t\t<div class=\"full-box-content\">\r\n\t\t\t\t\t\t\t<h3>Rozwi\u0105zania dla przemys\u0142u<\/h3>\r\n\t\t\t\t\t\t\t<div class=\"separator separator-white\"><\/div>\r\n\t\t\t\t\t\t\t<p>Rozwi\u0105zania dla sektora przemys\u0142owego, formy odlewnicze, odlewy cia\u0142a, szybkie prototypowanie, efekty specjalne.<\/p>\r\n\t\t\t\t\t\t\t<a href=\"https:\/\/www.zhermack.com\/pl\/product_category\/industrial-pl\/\" class=\"btn btn-primary outlinew btn-lg my-1\">Dowiedz si\u0119 wi\u0119cej<\/a>\r\n\t\t\t\t\t\t<\/div>\r\n\t\t\t\t\t<\/div>[\/vc_column_text][\/vc_column_inner][vc_column_inner el_class=&#8221;px-md-2 full-box&#8221; width=&#8221;1\/3&#8243;][vc_column_text 0=&#8221;&#8221;]<div class=\"full-box\" style=\"background-color:#9c6\">\r\n\t\t\t\t\t\t<img decoding=\"async\" data-src=\"\/public\/uploads\/Wellbeing_Division_1.jpg\" class=\"img-responsive center-block w100 lazyload\" src=\"data:image\/svg+xml;base64,PHN2ZyB3aWR0aD0iMSIgaGVpZ2h0PSIxIiB4bWxucz0iaHR0cDovL3d3dy53My5vcmcvMjAwMC9zdmciPjwvc3ZnPg==\">\r\n\t\t\t\t\t\t<div class=\"full-box-content\">\r\n\t\t\t\t\t\t\t<h3>Rozwi\u0105zania Wellness<\/h3>\r\n\t\t\t\t\t\t\t<div class=\"separator separator-white\"><\/div>\r\n\t\t\t\t\t\t\t<p>Materia\u0142y do  \u015bwiata wellbeing, od kosmetyk\u00f3w po podologi\u0119 i otologi\u0119.<\/p>\r\n\t\t\t\t\t\t\t<a href=\"https:\/\/www.zhermack.com\/pl\/product_category\/wellbeing-pl\/\" class=\"btn btn-primary outlinew btn-lg my-1\">Dowiedz si\u0119 wi\u0119cej<\/a>\r\n\t\t\t\t\t\t<\/div>\r\n\t\t\t\t\t<\/div>[\/vc_column_text][\/vc_column_inner][\/vc_row_inner][vc_row_inner equal_height=&#8221;yes&#8221; css=&#8221;.vc_custom_1500546217268{margin-top: 2em !important;margin-bottom: 2em !important;}&#8221;][vc_column_inner offset=&#8221;vc_col-md-offset-4 vc_col-md-4&#8243;][vc_wp_search title=&#8221;Poszukiwanie&#8221; el_class=&#8221;text-center&#8221;][\/vc_column_inner][\/vc_row_inner][\/vc_column][\/vc_row][vc_row full_width=&#8221;stretch_row_content_no_spaces&#8221; content_placement=&#8221;middle&#8221; el_class=&#8221;cta text-center&#8221;][vc_column][vc_column_text]<\/p>\n<h3>Zam\u00f3w katalogi i informacje o naszych produktach<\/h3>\n<p><a class=\"btn btn-lg btn-primary\" href=\"https:\/\/www.zhermack.com\/pl\/kontakty\/\">Kontakty<\/a>[\/vc_column_text][\/vc_column][\/vc_row][vc_row equal_height=&#8221;yes&#8221; content_placement=&#8221;middle&#8221;][vc_column width=&#8221;1\/2&#8243;][vc_column_text 0=&#8221;&#8221; css=&#8221;.vc_custom_1712223232798{padding-top: 3em !important;padding-right: 3em !important;padding-bottom: 3em !important;padding-left: 3em !important;}&#8221;]<\/p>\n<h1 class=\"h2\">Zhermack przedstawia now\u0105 wersj\u0119 Quick Set produktu Hydrorise Implant<\/h1>\n<p class=\"subtitle\">Precyzja i znana od zawsze niezawodno\u015b\u0107 w kr\u00f3tszym czasie!<\/p>\n<p>Von nun an keine Kompromisse mehr hinsichtlich Geschwindigkeit und Pr\u00e4zision. Hydrorise Implant, wysokiej sztywno\u015bci silikon addycyjny dla implantologii, jest teraz dost\u0119pny r\u00f3wnie\u017c w wersji Quick Set. Od teraz koniec z kompromisami pomi\u0119dzy szybko\u015bci\u0105 i precyzj\u0105. Nowa wersja Quick Set marki Hydrorise Implant zapewnia jednakow\u0105 precyzj\u0119 jak zawsze, ale w szybszym tempie.<\/p>\n<p><a class=\"btn btn-lg btn-primary outline m-1\" href=\"https:\/\/www.zhermack.com\/pl\/wiadomosci-o-produktach\/nowa-wersje-quick-set-produktu-hydrorise-implant\/\">Przeczytaj wi\u0119cej<\/a>[\/vc_column_text][\/vc_column][vc_column width=&#8221;1\/2&#8243; css=&#8221;.vc_custom_1712217469496{margin-top: 0px !important;margin-right: 0px !important;margin-bottom: 0px !important;margin-left: 0px !important;padding-top: 0px !important;padding-right: 0px !important;padding-bottom: 0px !important;padding-left: 0px !important;}&#8221;][vc_single_image image=&#8221;29264&#8243; img_size=&#8221;full&#8221; alignment=&#8221;center&#8221;][\/vc_column][\/vc_row][vc_row equal_height=&#8221;yes&#8221; content_placement=&#8221;middle&#8221;][vc_column width=&#8221;1\/2&#8243; css=&#8221;.vc_custom_1712217750916{margin-top: 0px !important;margin-right: 0px !important;margin-bottom: 0px !important;margin-left: 0px !important;padding-top: 0px !important;padding-right: 0px !important;padding-bottom: 0px !important;padding-left: 0px !important;}&#8221; el_class=&#8221;order-2 order-md-1&#8243;][vc_single_image image=&#8221;29276&#8243; img_size=&#8221;full&#8221; alignment=&#8221;center&#8221;][\/vc_column][vc_column width=&#8221;1\/2&#8243; el_class=&#8221;order-1 order-md-2&#8243;][vc_column_text 0=&#8221;&#8221; css=&#8221;.vc_custom_1712223262812{padding-top: 3em !important;padding-right: 3em !important;padding-bottom: 3em !important;padding-left: 3em !important;}&#8221;]<\/p>\n<h1 class=\"h2\">Zhermack przedstawia Occlufast+, now\u0105 lini\u0119 silikon\u00f3w A do precyzyjnej i dok\u0142adnej rejestracji okluzji!<\/h1>\n<p>Occlufast+ i Occlufast+ Color to nowe rozwi\u0105zania firmy Zhermack do rejestracji okluzji, kt\u00f3re zapewniaj\u0105 wysok\u0105 efektywno\u015b\u0107 i zwi\u0119kszaj\u0105 wydajno\u015b\u0107 gabinetu stomatologicznego. Niezauwa\u017calna dla pacjenta konsystencja, kt\u00f3ra pozwala na niezak\u0142\u00f3canie okluzji1, a jednocze\u015bnie wynosz\u0105cy zaledwie 1 minut\u0119 czas wi\u0105zania w jamie ustnej zapewniaj\u0105 wy\u017cszy komfort pacjenta i niezawodne wyniki.<\/p>\n<p><a class=\"btn btn-lg btn-primary outline m-1\" href=\"https:\/\/www.zhermack.com\/pl\/wiadomosci-o-produktach\/occlufast-plus-nowa-linie-silikonow-a\/\">Przeczytaj wi\u0119cej<\/a>[\/vc_column_text][\/vc_column][\/vc_row][vc_row equal_height=&#8221;yes&#8221; content_placement=&#8221;middle&#8221;][vc_column width=&#8221;1\/2&#8243;][vc_column_text 0=&#8221;&#8221; css=&#8221;.vc_custom_1712223279460{padding-top: 3em !important;padding-right: 3em !important;padding-bottom: 3em !important;padding-left: 3em !important;}&#8221;]<\/p>\n<h1 class=\"h2\">Zhermack przedstawia nowy Zeta 1 Ultra<\/h1>\n<p class=\"subtitle\">Skoncentrowany p\u0142yn czyszcz\u0105cy i dezynfekuj\u0105cy do narz\u0119dzi o szerokim spektrum dzia\u0142ania!<\/p>\n<p>Infekcje w \u015brodowisku stomatologicznym stanowi\u0105 zagro\u017cenie zar\u00f3wno dla pacjent\u00f3w, jak i dla personelu gabinetu dentystycznego: aby ograniczy\u0107 to zagro\u017cenie do minimum, nale\u017cy podj\u0105\u0107 niezb\u0119dne \u015brodki zapobiegawcze, \u015bci\u015ble przestrzega\u0107 procedur i korzysta\u0107 ze skutecznych oraz bezpiecznych produkt\u00f3w, kt\u00f3re zapewni\u0105 najwy\u017cszy mo\u017cliwy poziom ochrony.<\/p>\n<p><a class=\"btn btn-lg btn-primary outline m-1\" href=\"https:\/\/www.zhermack.com\/pl\/wiadomosci-o-produktach\/nowy-zeta-1-ultra-skoncentrowany-plyn-czyszczacy-dezynfekujacy-narzedzi\/\">Przeczytaj wi\u0119cej<\/a>[\/vc_column_text][\/vc_column][vc_column width=&#8221;1\/2&#8243; css=&#8221;.vc_custom_1712217652216{margin-top: 0px !important;margin-right: 0px !important;margin-bottom: 0px !important;margin-left: 0px !important;padding-top: 0px !important;padding-right: 0px !important;padding-bottom: 0px !important;padding-left: 0px !important;}&#8221;][vc_single_image image=&#8221;30447&#8243; img_size=&#8221;full&#8221; alignment=&#8221;center&#8221;][\/vc_column][\/vc_row]<\/p>\n<\/div>","protected":false},"excerpt":{"rendered":"<p>[vc_row full_width=&#8221;stretch_row_content_no_spaces&#8221; css=&#8221;.vc_custom_1498491953712{padding-top: 1em !important;padding-bottom: 1em !important;}&#8221;][vc_column el_class=&#8221;container&#8221;][vc_row_inner 0=&#8221;&#8221; css=&#8221;.vc_custom_1701704656920{padding-right: 2rem !important;padding-left: 2rem !important;}&#8221;][vc_column_inner width=&#8221;1\/2&#8243; offset=&#8221;vc_col-sm-offset-3&#8243;][vc_column_text 0=&#8221;&#8221; css=&#8221;&#8221;] \u015awiat Zhermack Materia\u0142y i rozwi\u0105zania dla sektora stomatologicznego, przemys\u0142owego i dobrego samopoczucia Zhermack SpA jest jednym z najwi\u0119kszych mi\u0119dzynarodowych producent\u00f3w i dystrybutor\u00f3w alginat\u00f3w, gips\u00f3w dentystycznych i silikon\u00f3w dla sektora stomatologicznego od ponad 35 lat, a tak\u017ce ca\u0142\u0105 [&hellip;]<\/p>\n","protected":false},"author":1,"featured_media":0,"parent":0,"menu_order":18,"comment_status":"closed","ping_status":"closed","template":"front-page.php","meta":{"_acf_changed":false,"footnotes":""},"class_list":["post-11556","page","type-page","status-publish","hentry"],"acf":[],"yoast_head":"<!-- This site is optimized with the Yoast SEO plugin v27.1.1 - https:\/\/yoast.com\/product\/yoast-seo-wordpress\/ -->\n<title>Materia\u0142y dla sektora dentystyczny i przemys\u0142owego - Zhermack<\/title>\n<meta name=\"description\" content=\"W\u015br\u00f3d g\u0142\u00f3wnych mi\u0119dzynarodowych producent\u00f3w i dystrybutor\u00f3w alginat\u00f3w, tynk\u00f3w oraz stomatologicznych i przemys\u0142owych zwi\u0105zk\u00f3w silikonowych.\" \/>\n<meta name=\"robots\" content=\"index, follow, max-snippet:-1, max-image-preview:large, max-video-preview:-1\" \/>\n<link rel=\"canonical\" href=\"https:\/\/www.zhermack.com\/pl\/\" \/>\n<meta property=\"og:locale\" content=\"pl_PL\" \/>\n<meta property=\"og:type\" content=\"article\" \/>\n<meta property=\"og:title\" content=\"Materia\u0142y dla sektora dentystyczny i przemys\u0142owego - Zhermack\" \/>\n<meta property=\"og:description\" content=\"W\u015br\u00f3d g\u0142\u00f3wnych mi\u0119dzynarodowych producent\u00f3w i dystrybutor\u00f3w alginat\u00f3w, tynk\u00f3w oraz stomatologicznych i przemys\u0142owych zwi\u0105zk\u00f3w silikonowych.\" \/>\n<meta property=\"og:url\" content=\"https:\/\/www.zhermack.com\/pl\/\" \/>\n<meta property=\"og:site_name\" content=\"Zhermack\" \/>\n<meta property=\"article:modified_time\" content=\"2025-08-20T07:26:08+00:00\" \/>\n<meta property=\"og:image\" content=\"https:\/\/www.zhermack.com\/public\/uploads\/Header_Company.jpg\" \/>\n\t<meta property=\"og:image:width\" content=\"2300\" \/>\n\t<meta property=\"og:image:height\" content=\"400\" \/>\n\t<meta property=\"og:image:type\" content=\"image\/jpeg\" \/>\n<meta name=\"twitter:card\" content=\"summary_large_image\" \/>\n<meta name=\"twitter:label1\" content=\"Szacowany czas czytania\" \/>\n\t<meta name=\"twitter:data1\" content=\"3 minuty\" \/>\n<script type=\"application\/ld+json\" class=\"yoast-schema-graph\">{\"@context\":\"https:\/\/schema.org\",\"@graph\":[{\"@type\":\"WebPage\",\"@id\":\"https:\/\/www.zhermack.com\/pl\/\",\"url\":\"https:\/\/www.zhermack.com\/pl\/\",\"name\":\"Materia\u0142y dla sektora dentystyczny i przemys\u0142owego - Zhermack\",\"isPartOf\":{\"@id\":\"https:\/\/www.zhermack.com\/pl\/#website\"},\"datePublished\":\"2018-04-18T14:42:37+00:00\",\"dateModified\":\"2025-08-20T07:26:08+00:00\",\"description\":\"W\u015br\u00f3d g\u0142\u00f3wnych mi\u0119dzynarodowych producent\u00f3w i dystrybutor\u00f3w alginat\u00f3w, tynk\u00f3w oraz stomatologicznych i przemys\u0142owych zwi\u0105zk\u00f3w silikonowych.\",\"breadcrumb\":{\"@id\":\"https:\/\/www.zhermack.com\/pl\/#breadcrumb\"},\"inLanguage\":\"pl-PL\",\"potentialAction\":[{\"@type\":\"ReadAction\",\"target\":[\"https:\/\/www.zhermack.com\/pl\/\"]}]},{\"@type\":\"BreadcrumbList\",\"@id\":\"https:\/\/www.zhermack.com\/pl\/#breadcrumb\",\"itemListElement\":[{\"@type\":\"ListItem\",\"position\":1,\"name\":\"Home\",\"item\":\"https:\/\/www.zhermack.com\/pl\/\"},{\"@type\":\"ListItem\",\"position\":2,\"name\":\"O nas\"}]},{\"@type\":\"WebSite\",\"@id\":\"https:\/\/www.zhermack.com\/pl\/#website\",\"url\":\"https:\/\/www.zhermack.com\/pl\/\",\"name\":\"Zhermack\",\"description\":\"\",\"publisher\":{\"@id\":\"https:\/\/www.zhermack.com\/pl\/#organization\"},\"potentialAction\":[{\"@type\":\"SearchAction\",\"target\":{\"@type\":\"EntryPoint\",\"urlTemplate\":\"https:\/\/www.zhermack.com\/pl\/?s={search_term_string}\"},\"query-input\":{\"@type\":\"PropertyValueSpecification\",\"valueRequired\":true,\"valueName\":\"search_term_string\"}}],\"inLanguage\":\"pl-PL\"},{\"@type\":\"Organization\",\"@id\":\"https:\/\/www.zhermack.com\/pl\/#organization\",\"name\":\"zhermack\",\"url\":\"https:\/\/www.zhermack.com\/pl\/\",\"logo\":{\"@type\":\"ImageObject\",\"inLanguage\":\"pl-PL\",\"@id\":\"https:\/\/www.zhermack.com\/pl\/#\/schema\/logo\/image\/\",\"url\":\"\/public\/uploads\/logo-1.png\",\"contentUrl\":\"\/public\/uploads\/logo-1.png\",\"width\":284,\"height\":37,\"caption\":\"zhermack\"},\"image\":{\"@id\":\"https:\/\/www.zhermack.com\/pl\/#\/schema\/logo\/image\/\"}}]}<\/script>\n<!-- \/ Yoast SEO plugin. -->","yoast_head_json":{"title":"Materia\u0142y dla sektora dentystyczny i przemys\u0142owego - Zhermack","description":"W\u015br\u00f3d g\u0142\u00f3wnych mi\u0119dzynarodowych producent\u00f3w i dystrybutor\u00f3w alginat\u00f3w, tynk\u00f3w oraz stomatologicznych i przemys\u0142owych zwi\u0105zk\u00f3w silikonowych.","robots":{"index":"index","follow":"follow","max-snippet":"max-snippet:-1","max-image-preview":"max-image-preview:large","max-video-preview":"max-video-preview:-1"},"canonical":"https:\/\/www.zhermack.com\/pl\/","og_locale":"pl_PL","og_type":"article","og_title":"Materia\u0142y dla sektora dentystyczny i przemys\u0142owego - Zhermack","og_description":"W\u015br\u00f3d g\u0142\u00f3wnych mi\u0119dzynarodowych producent\u00f3w i dystrybutor\u00f3w alginat\u00f3w, tynk\u00f3w oraz stomatologicznych i przemys\u0142owych zwi\u0105zk\u00f3w silikonowych.","og_url":"https:\/\/www.zhermack.com\/pl\/","og_site_name":"Zhermack","article_modified_time":"2025-08-20T07:26:08+00:00","og_image":[{"width":2300,"height":400,"url":"https:\/\/www.zhermack.com\/public\/uploads\/Header_Company.jpg","type":"image\/jpeg"}],"twitter_card":"summary_large_image","twitter_misc":{"Szacowany czas czytania":"3 minuty"},"schema":{"@context":"https:\/\/schema.org","@graph":[{"@type":"WebPage","@id":"https:\/\/www.zhermack.com\/pl\/","url":"https:\/\/www.zhermack.com\/pl\/","name":"Materia\u0142y dla sektora dentystyczny i przemys\u0142owego - Zhermack","isPartOf":{"@id":"https:\/\/www.zhermack.com\/pl\/#website"},"datePublished":"2018-04-18T14:42:37+00:00","dateModified":"2025-08-20T07:26:08+00:00","description":"W\u015br\u00f3d g\u0142\u00f3wnych mi\u0119dzynarodowych producent\u00f3w i dystrybutor\u00f3w alginat\u00f3w, tynk\u00f3w oraz stomatologicznych i przemys\u0142owych zwi\u0105zk\u00f3w silikonowych.","breadcrumb":{"@id":"https:\/\/www.zhermack.com\/pl\/#breadcrumb"},"inLanguage":"pl-PL","potentialAction":[{"@type":"ReadAction","target":["https:\/\/www.zhermack.com\/pl\/"]}]},{"@type":"BreadcrumbList","@id":"https:\/\/www.zhermack.com\/pl\/#breadcrumb","itemListElement":[{"@type":"ListItem","position":1,"name":"Home","item":"https:\/\/www.zhermack.com\/pl\/"},{"@type":"ListItem","position":2,"name":"O nas"}]},{"@type":"WebSite","@id":"https:\/\/www.zhermack.com\/pl\/#website","url":"https:\/\/www.zhermack.com\/pl\/","name":"Zhermack","description":"","publisher":{"@id":"https:\/\/www.zhermack.com\/pl\/#organization"},"potentialAction":[{"@type":"SearchAction","target":{"@type":"EntryPoint","urlTemplate":"https:\/\/www.zhermack.com\/pl\/?s={search_term_string}"},"query-input":{"@type":"PropertyValueSpecification","valueRequired":true,"valueName":"search_term_string"}}],"inLanguage":"pl-PL"},{"@type":"Organization","@id":"https:\/\/www.zhermack.com\/pl\/#organization","name":"zhermack","url":"https:\/\/www.zhermack.com\/pl\/","logo":{"@type":"ImageObject","inLanguage":"pl-PL","@id":"https:\/\/www.zhermack.com\/pl\/#\/schema\/logo\/image\/","url":"\/public\/uploads\/logo-1.png","contentUrl":"\/public\/uploads\/logo-1.png","width":284,"height":37,"caption":"zhermack"},"image":{"@id":"https:\/\/www.zhermack.com\/pl\/#\/schema\/logo\/image\/"}}]}},"_links":{"self":[{"href":"https:\/\/www.zhermack.com\/pl\/wp-json\/wp\/v2\/pages\/11556","targetHints":{"allow":["GET"]}}],"collection":[{"href":"https:\/\/www.zhermack.com\/pl\/wp-json\/wp\/v2\/pages"}],"about":[{"href":"https:\/\/www.zhermack.com\/pl\/wp-json\/wp\/v2\/types\/page"}],"author":[{"embeddable":true,"href":"https:\/\/www.zhermack.com\/pl\/wp-json\/wp\/v2\/users\/1"}],"replies":[{"embeddable":true,"href":"https:\/\/www.zhermack.com\/pl\/wp-json\/wp\/v2\/comments?post=11556"}],"version-history":[{"count":1,"href":"https:\/\/www.zhermack.com\/pl\/wp-json\/wp\/v2\/pages\/11556\/revisions"}],"predecessor-version":[{"id":53353,"href":"https:\/\/www.zhermack.com\/pl\/wp-json\/wp\/v2\/pages\/11556\/revisions\/53353"}],"wp:attachment":[{"href":"https:\/\/www.zhermack.com\/pl\/wp-json\/wp\/v2\/media?parent=11556"}],"curies":[{"name":"wp","href":"https:\/\/api.w.org\/{rel}","templated":true}]}}