{"id":41569,"date":"2022-03-21T11:43:50","date_gmt":"2022-03-21T10:43:50","guid":{"rendered":"https:\/\/www.zhermack.com\/?page_id=41569"},"modified":"2025-01-14T16:59:18","modified_gmt":"2025-01-14T15:59:18","slug":"privacy-information-per-profilazione","status":"publish","type":"page","link":"https:\/\/www.zhermack.com\/it\/privacy-information-per-profilazione\/","title":{"rendered":"Privacy Information per Profilazione"},"content":{"rendered":"<div class=\"wpb-content-wrapper\"><p>[vc_row full_width=&#8221;stretch_row_content_no_spaces&#8221;][vc_column width=&#8221;2\/3&#8243; el_class=&#8221;p-1 p-sm-3 p-lg-4&#8243; offset=&#8221;vc_col-md-offset-2&#8243;][vc_column_text]<\/p>\n<h3>Privacy Information per Profilazione<\/h3>\n<p>Il titolare del trattamento \u00e8 Zhermack SpA. La base giuridica che utilizziamo per il trattamento dei tuoi dati personali \u00e8 il consenso. Il conferimento di qualsiasi informazione \u00e8 facoltativo, ma il mancato conferimento da parte dell&#8217;utente limiter\u00e0 la nostra capacit\u00e0 di svolgere tali attivit\u00e0. Tratteremo i tuoi dati personali solo all&#8217;interno dell&#8217;organizzazione Zhermack o utilizzando partner di servizi convenzionati. Poich\u00e9 Zhermack fa parte di un&#8217;organizzazione globale, i tuoi dati personali possono essere trasferiti ad altre unit\u00e0 all&#8217;interno del gruppo o a partner di servizi convenzionati all&#8217;interno o all&#8217;esterno dell&#8217;UE\/SEE. Tutti i trasferimenti di dati personali verranno effettuati con la finalit\u00e0 di supportare le finalit\u00e0 sopra indicate. Zhermack garantir\u00e0 che il trasferimento sia sicuro e conforme alla legge applicabile. I tuoi dati personali non saranno conservati per un periodo superiore a quello necessario in considerazione delle finalit\u00e0 del trattamento per le quali hai fornito i tuoi dati, o per eventuali ulteriori finalit\u00e0 alle quali hai acconsentito. Periodi di conservazione specifici sono stabiliti nella Politica di conservazione dei documenti aziendali di Dentsply Sirona. Se ritiri il tuo consenso, Zhermack non continuer\u00e0 a raccogliere o elaborare i tuoi dati personali sulla base del consenso. I dati personali raccolti sulla base del consenso prima della revoca possono comunque essere trattati se legalmente consentito, ad esempio se abbiamo bisogno delle informazioni per una controversia legale, per motivi di sicurezza del prodotto, o se richiediamo le informazioni per altri scopi per i quali non hai revocato il consenso. Puoi revocare il tuo consenso in qualsiasi momento. Hai anche il diritto di richiedere una copia delle informazioni che stiamo elaborando su di te, a opporti a determinati trattamenti, a far rettificare, cancellare o limitare i tuoi dati in determinate circostanze, o a richiedere una copia di alcuni dei tuoi dati in un formato leggibile da una macchina (&#8221; portabilit\u00e0 dei dati\u201d). Se desideri esercitare uno di questi diritti o hai domande sul trattamento dei tuoi dati personali da parte nostra, ti preghiamo di contattare Zhermack Spa, via Bovazecchino 100, 45021 Badia Polesine (RO), Italy, all\u2019indirizzo e-mail <a href=\"mailto:privacy@zhermack.com\">privacy@zhermack.com<\/a> o l&#8217;Ufficio per la protezione dei dati all&#8217;indirizzo <a href=\"mailto:EUPrivacyOffice@dentsplysirona.com\">EUPrivacyOffice@dentsplysirona.com<\/a>. Se hai reclami sul nostro trattamento che non desideri presentarci direttamente, puoi rivolgerti al Garante per la protezione dei dati personali, Piazza Venezia n. 11, 00187 Roma, Centralino telefonico: (+39) 06.696771, indirizzo e-mail <a href=\"mailto:protocollo@gpdp.it\">protocollo@gpdp.it<\/a>.<\/p>\n<p>Per maggiori informazioni, clicca <a href=\"https:\/\/www.dentsplysirona.com\/it-it\/legale\/privacy-policy.html\">qui<\/a>.[\/vc_column_text][\/vc_column][\/vc_row]<\/p>\n<\/div>","protected":false},"excerpt":{"rendered":"<p>[vc_row full_width=&#8221;stretch_row_content_no_spaces&#8221;][vc_column width=&#8221;2\/3&#8243; el_class=&#8221;p-1 p-sm-3 p-lg-4&#8243; offset=&#8221;vc_col-md-offset-2&#8243;][vc_column_text] Privacy Information per Profilazione Il titolare del trattamento \u00e8 Zhermack SpA. La base giuridica che utilizziamo per il trattamento dei tuoi dati personali \u00e8 il consenso. Il conferimento di qualsiasi informazione \u00e8 facoltativo, ma il mancato conferimento da parte dell&#8217;utente limiter\u00e0 la nostra capacit\u00e0 di svolgere tali attivit\u00e0. [&hellip;]<\/p>\n","protected":false},"author":1,"featured_media":0,"parent":0,"menu_order":0,"comment_status":"closed","ping_status":"closed","template":"","meta":{"_acf_changed":false,"footnotes":""},"class_list":["post-41569","page","type-page","status-publish","hentry"],"acf":[],"yoast_head":"<!-- This site is optimized with the Yoast SEO plugin v27.5 - https:\/\/yoast.com\/product\/yoast-seo-wordpress\/ -->\n<title>Privacy Information per Profilazione - Zhermack<\/title>\n<meta name=\"robots\" content=\"index, follow, max-snippet:-1, max-image-preview:large, max-video-preview:-1\" \/>\n<link rel=\"canonical\" href=\"https:\/\/www.zhermack.com\/it\/privacy-information-per-profilazione\/\" \/>\n<meta property=\"og:locale\" content=\"it_IT\" \/>\n<meta property=\"og:type\" content=\"article\" \/>\n<meta property=\"og:title\" content=\"Privacy Information per Profilazione - Zhermack\" \/>\n<meta property=\"og:description\" content=\"[vc_row full_width=&#8221;stretch_row_content_no_spaces&#8221;][vc_column width=&#8221;2\/3&#8243; el_class=&#8221;p-1 p-sm-3 p-lg-4&#8243; offset=&#8221;vc_col-md-offset-2&#8243;][vc_column_text] Privacy Information per Profilazione Il titolare del trattamento \u00e8 Zhermack SpA. La base giuridica che utilizziamo per il trattamento dei tuoi dati personali \u00e8 il consenso. Il conferimento di qualsiasi informazione \u00e8 facoltativo, ma il mancato conferimento da parte dell&#8217;utente limiter\u00e0 la nostra capacit\u00e0 di svolgere tali attivit\u00e0. [&hellip;]\" \/>\n<meta property=\"og:url\" content=\"https:\/\/www.zhermack.com\/it\/privacy-information-per-profilazione\/\" \/>\n<meta property=\"og:site_name\" content=\"Zhermack\" \/>\n<meta property=\"article:modified_time\" content=\"2025-01-14T15:59:18+00:00\" \/>\n<meta property=\"og:image\" content=\"https:\/\/www.zhermack.com\/public\/uploads\/Header_Company.jpg\" \/>\n\t<meta property=\"og:image:width\" content=\"2300\" \/>\n\t<meta property=\"og:image:height\" content=\"400\" \/>\n\t<meta property=\"og:image:type\" content=\"image\/jpeg\" \/>\n<meta name=\"twitter:card\" content=\"summary_large_image\" \/>\n<meta name=\"twitter:label1\" content=\"Tempo di lettura stimato\" \/>\n\t<meta name=\"twitter:data1\" content=\"2 minuti\" \/>\n<script type=\"application\/ld+json\" class=\"yoast-schema-graph\">{\"@context\":\"https:\\\/\\\/schema.org\",\"@graph\":[{\"@type\":\"WebPage\",\"@id\":\"https:\\\/\\\/www.zhermack.com\\\/it\\\/privacy-information-per-profilazione\\\/\",\"url\":\"https:\\\/\\\/www.zhermack.com\\\/it\\\/privacy-information-per-profilazione\\\/\",\"name\":\"Privacy Information per Profilazione - Zhermack\",\"isPartOf\":{\"@id\":\"https:\\\/\\\/www.zhermack.com\\\/it\\\/#website\"},\"datePublished\":\"2022-03-21T10:43:50+00:00\",\"dateModified\":\"2025-01-14T15:59:18+00:00\",\"breadcrumb\":{\"@id\":\"https:\\\/\\\/www.zhermack.com\\\/it\\\/privacy-information-per-profilazione\\\/#breadcrumb\"},\"inLanguage\":\"it-IT\",\"potentialAction\":[{\"@type\":\"ReadAction\",\"target\":[\"https:\\\/\\\/www.zhermack.com\\\/it\\\/privacy-information-per-profilazione\\\/\"]}]},{\"@type\":\"BreadcrumbList\",\"@id\":\"https:\\\/\\\/www.zhermack.com\\\/it\\\/privacy-information-per-profilazione\\\/#breadcrumb\",\"itemListElement\":[{\"@type\":\"ListItem\",\"position\":1,\"name\":\"Home\",\"item\":\"https:\\\/\\\/www.zhermack.com\\\/it\\\/\"},{\"@type\":\"ListItem\",\"position\":2,\"name\":\"Privacy Information per Profilazione\"}]},{\"@type\":\"WebSite\",\"@id\":\"https:\\\/\\\/www.zhermack.com\\\/it\\\/#website\",\"url\":\"https:\\\/\\\/www.zhermack.com\\\/it\\\/\",\"name\":\"Zhermack\",\"description\":\"\",\"publisher\":{\"@id\":\"https:\\\/\\\/www.zhermack.com\\\/it\\\/#organization\"},\"potentialAction\":[{\"@type\":\"SearchAction\",\"target\":{\"@type\":\"EntryPoint\",\"urlTemplate\":\"https:\\\/\\\/www.zhermack.com\\\/it\\\/?s={search_term_string}\"},\"query-input\":{\"@type\":\"PropertyValueSpecification\",\"valueRequired\":true,\"valueName\":\"search_term_string\"}}],\"inLanguage\":\"it-IT\"},{\"@type\":\"Organization\",\"@id\":\"https:\\\/\\\/www.zhermack.com\\\/it\\\/#organization\",\"name\":\"zhermack\",\"url\":\"https:\\\/\\\/www.zhermack.com\\\/it\\\/\",\"logo\":{\"@type\":\"ImageObject\",\"inLanguage\":\"it-IT\",\"@id\":\"https:\\\/\\\/www.zhermack.com\\\/it\\\/#\\\/schema\\\/logo\\\/image\\\/\",\"url\":\"\\\/public\\\/uploads\\\/logo-1.png\",\"contentUrl\":\"\\\/public\\\/uploads\\\/logo-1.png\",\"width\":284,\"height\":37,\"caption\":\"zhermack\"},\"image\":{\"@id\":\"https:\\\/\\\/www.zhermack.com\\\/it\\\/#\\\/schema\\\/logo\\\/image\\\/\"}}]}<\/script>\n<!-- \/ Yoast SEO plugin. -->","yoast_head_json":{"title":"Privacy Information per Profilazione - Zhermack","robots":{"index":"index","follow":"follow","max-snippet":"max-snippet:-1","max-image-preview":"max-image-preview:large","max-video-preview":"max-video-preview:-1"},"canonical":"https:\/\/www.zhermack.com\/it\/privacy-information-per-profilazione\/","og_locale":"it_IT","og_type":"article","og_title":"Privacy Information per Profilazione - Zhermack","og_description":"[vc_row full_width=&#8221;stretch_row_content_no_spaces&#8221;][vc_column width=&#8221;2\/3&#8243; el_class=&#8221;p-1 p-sm-3 p-lg-4&#8243; offset=&#8221;vc_col-md-offset-2&#8243;][vc_column_text] Privacy Information per Profilazione Il titolare del trattamento \u00e8 Zhermack SpA. La base giuridica che utilizziamo per il trattamento dei tuoi dati personali \u00e8 il consenso. Il conferimento di qualsiasi informazione \u00e8 facoltativo, ma il mancato conferimento da parte dell&#8217;utente limiter\u00e0 la nostra capacit\u00e0 di svolgere tali attivit\u00e0. [&hellip;]","og_url":"https:\/\/www.zhermack.com\/it\/privacy-information-per-profilazione\/","og_site_name":"Zhermack","article_modified_time":"2025-01-14T15:59:18+00:00","og_image":[{"width":2300,"height":400,"url":"https:\/\/www.zhermack.com\/public\/uploads\/Header_Company.jpg","type":"image\/jpeg"}],"twitter_card":"summary_large_image","twitter_misc":{"Tempo di lettura stimato":"2 minuti"},"schema":{"@context":"https:\/\/schema.org","@graph":[{"@type":"WebPage","@id":"https:\/\/www.zhermack.com\/it\/privacy-information-per-profilazione\/","url":"https:\/\/www.zhermack.com\/it\/privacy-information-per-profilazione\/","name":"Privacy Information per Profilazione - Zhermack","isPartOf":{"@id":"https:\/\/www.zhermack.com\/it\/#website"},"datePublished":"2022-03-21T10:43:50+00:00","dateModified":"2025-01-14T15:59:18+00:00","breadcrumb":{"@id":"https:\/\/www.zhermack.com\/it\/privacy-information-per-profilazione\/#breadcrumb"},"inLanguage":"it-IT","potentialAction":[{"@type":"ReadAction","target":["https:\/\/www.zhermack.com\/it\/privacy-information-per-profilazione\/"]}]},{"@type":"BreadcrumbList","@id":"https:\/\/www.zhermack.com\/it\/privacy-information-per-profilazione\/#breadcrumb","itemListElement":[{"@type":"ListItem","position":1,"name":"Home","item":"https:\/\/www.zhermack.com\/it\/"},{"@type":"ListItem","position":2,"name":"Privacy Information per Profilazione"}]},{"@type":"WebSite","@id":"https:\/\/www.zhermack.com\/it\/#website","url":"https:\/\/www.zhermack.com\/it\/","name":"Zhermack","description":"","publisher":{"@id":"https:\/\/www.zhermack.com\/it\/#organization"},"potentialAction":[{"@type":"SearchAction","target":{"@type":"EntryPoint","urlTemplate":"https:\/\/www.zhermack.com\/it\/?s={search_term_string}"},"query-input":{"@type":"PropertyValueSpecification","valueRequired":true,"valueName":"search_term_string"}}],"inLanguage":"it-IT"},{"@type":"Organization","@id":"https:\/\/www.zhermack.com\/it\/#organization","name":"zhermack","url":"https:\/\/www.zhermack.com\/it\/","logo":{"@type":"ImageObject","inLanguage":"it-IT","@id":"https:\/\/www.zhermack.com\/it\/#\/schema\/logo\/image\/","url":"\/public\/uploads\/logo-1.png","contentUrl":"\/public\/uploads\/logo-1.png","width":284,"height":37,"caption":"zhermack"},"image":{"@id":"https:\/\/www.zhermack.com\/it\/#\/schema\/logo\/image\/"}}]}},"_links":{"self":[{"href":"https:\/\/www.zhermack.com\/it\/wp-json\/wp\/v2\/pages\/41569","targetHints":{"allow":["GET"]}}],"collection":[{"href":"https:\/\/www.zhermack.com\/it\/wp-json\/wp\/v2\/pages"}],"about":[{"href":"https:\/\/www.zhermack.com\/it\/wp-json\/wp\/v2\/types\/page"}],"author":[{"embeddable":true,"href":"https:\/\/www.zhermack.com\/it\/wp-json\/wp\/v2\/users\/1"}],"replies":[{"embeddable":true,"href":"https:\/\/www.zhermack.com\/it\/wp-json\/wp\/v2\/comments?post=41569"}],"version-history":[{"count":0,"href":"https:\/\/www.zhermack.com\/it\/wp-json\/wp\/v2\/pages\/41569\/revisions"}],"wp:attachment":[{"href":"https:\/\/www.zhermack.com\/it\/wp-json\/wp\/v2\/media?parent=41569"}],"curies":[{"name":"wp","href":"https:\/\/api.w.org\/{rel}","templated":true}]}}