{"id":14264,"date":"2017-04-06T11:19:32","date_gmt":"2017-04-06T09:19:32","guid":{"rendered":"https:\/\/www.zhermack.com\/home-page\/"},"modified":"2026-03-31T12:09:55","modified_gmt":"2026-03-31T10:09:55","slug":"home-page","status":"publish","type":"page","link":"https:\/\/www.zhermack.com\/fr\/","title":{"rendered":"Home page"},"content":{"rendered":"<div class=\"wpb-content-wrapper\"><p>[vc_row full_width=\u00a0\u00bbstretch_row_content_no_spaces\u00a0\u00bb css=\u00a0\u00bb.vc_custom_1498491953712{padding-top: 1em !important;padding-bottom: 1em !important;}\u00a0\u00bb][vc_column el_class=\u00a0\u00bbcontainer\u00a0\u00bb][vc_row_inner 0=\u00a0\u00bb\u00a0\u00bb css=\u00a0\u00bb.vc_custom_1701704563219{padding-right: 2rem !important;padding-left: 2rem !important;}\u00a0\u00bb][vc_column_inner width=\u00a0\u00bb1\/2&Prime; offset=\u00a0\u00bbvc_col-sm-offset-3&Prime;][vc_column_text 0=\u00a0\u00bb\u00a0\u00bb css=\u00a0\u00bb\u00a0\u00bb]<\/p>\n<h1 class=\"h2\" style=\"text-align: center;\">Le monde Zhermack<\/h1>\n<p class=\"subtitle\" style=\"text-align: center;\">Mat\u00e9riaux et solutions pour le secteur dentaire, industriel et bien-\u00eatre.<\/p>\n<p style=\"text-align: center;\">Zhermack SpA fait partie depuis plus de 35 ans des meilleurs producteurs et distributeurs internationaux d\u2019<strong>alginates, pl\u00e2tres et pr\u00e9parations silicon\u00e9es<\/strong> pour le secteur dentaire, en plus de poss\u00e9der toute une gamme de produits destin\u00e9s \u00e0 divers secteurs industriels et au monde du bien-\u00eatre.<\/p>\n<p style=\"text-align: center;\">Dentaire, industriel, bien-\u00eatre : <strong>trois divisions<\/strong>, pour toujours r\u00e9pondre au march\u00e9 avec des solutions d\u2019excellence. N\u00e9e en Italie en 1981, Zhermack poss\u00e8de aujourd\u2019hui des bureaux de repr\u00e9sentation dans diff\u00e9rents pays du monde.<\/p>\n<p style=\"text-align: center;\"><a class=\"btn btn-lg btn-primary my-1\" href=\"https:\/\/www.zhermack.com\/fr\/societe\/\">Notre Entreprise<\/a><\/p>\n<p>[\/vc_column_text][\/vc_column_inner][\/vc_row_inner][\/vc_column][\/vc_row][vc_row full_width=\u00a0\u00bbstretch_row_content_no_spaces\u00a0\u00bb css=\u00a0\u00bb.vc_custom_1498491959796{padding-top: 1em !important;padding-right: 3em !important;padding-bottom: 1em !important;padding-left: 3em !important;background-color: #f9f9f9 !important;}\u00a0\u00bb][vc_column el_class=\u00a0\u00bbcontainer-fluid\u00a0\u00bb][vc_column_text 0=\u00a0\u00bb\u00a0\u00bb]<\/p>\n<h2 style=\"text-align: center;\">Trois divisions, une seule vision<\/h2>\n<p style=\"text-align: center;\">Des solutions d\u2019excellence pour le secteur dentaire, pour l\u2019industrie, pour la cosm\u00e9tique et le soin de la personne<\/p>\n<p>[\/vc_column_text][vc_row_inner css=\u00a0\u00bb.vc_custom_1493393449863{margin-top: 2em !important;margin-bottom: 2em !important;}\u00a0\u00bb][vc_column_inner el_class=\u00a0\u00bbpx-md-2 full-box\u00a0\u00bb width=\u00a0\u00bb1\/3&Prime;][vc_column_text 0=\u00a0\u00bb\u00a0\u00bb]<div class=\"full-box\" style=\"background-color:#E3022E\">\r\n\t\t\t\t\t\t<img decoding=\"async\" data-src=\"\/public\/uploads\/Dental_Division_1.jpg\" class=\"img-responsive center-block w100 lazyload\" src=\"data:image\/svg+xml;base64,PHN2ZyB3aWR0aD0iMSIgaGVpZ2h0PSIxIiB4bWxucz0iaHR0cDovL3d3dy53My5vcmcvMjAwMC9zdmciPjwvc3ZnPg==\">\r\n\t\t\t\t\t\t<div class=\"full-box-content\">\r\n\t\t\t\t\t\t\t<h3>Solutions Dentaires<\/h3>\r\n\t\t\t\t\t\t\t<div class=\"separator separator-white\"><\/div>\r\n\t\t\t\t\t\t\t<p>Une vaste gamme de mat\u00e9riaux et solutions pour les cabinets dentaires et les laboratoires d\u2019orthodontie.<\/p>\r\n\t\t\t\t\t\t\t<a href=\"https:\/\/www.zhermack.com\/fr\/product_category\/dental-fr\/\" class=\"btn btn-primary outlinew btn-lg my-1\">Lire la suite<\/a>\r\n\t\t\t\t\t\t<\/div>\r\n\t\t\t\t\t<\/div>[\/vc_column_text][\/vc_column_inner][vc_column_inner el_class=\u00a0\u00bbpx-md-2 full-box\u00a0\u00bb width=\u00a0\u00bb1\/3&Prime;][vc_column_text 0=\u00a0\u00bb\u00a0\u00bb]<div class=\"full-box\" style=\"background-color:#4eb0cc\">\r\n\t\t\t\t\t\t<img decoding=\"async\" data-src=\"\/public\/uploads\/Industrial_Division_1.jpg\" class=\"img-responsive center-block w100 lazyload\" src=\"data:image\/svg+xml;base64,PHN2ZyB3aWR0aD0iMSIgaGVpZ2h0PSIxIiB4bWxucz0iaHR0cDovL3d3dy53My5vcmcvMjAwMC9zdmciPjwvc3ZnPg==\">\r\n\t\t\t\t\t\t<div class=\"full-box-content\">\r\n\t\t\t\t\t\t\t<h3>Solutions pour l\u2019Industrie<\/h3>\r\n\t\t\t\t\t\t\t<div class=\"separator separator-white\"><\/div>\r\n\t\t\t\t\t\t\t<p>Des solutions pour le secteur industriel, des moules au d\u00e9veloppement de mod\u00e8les, du prototypage aux effets sp\u00e9ciaux.<\/p>\r\n\t\t\t\t\t\t\t<a href=\"https:\/\/www.zhermack.com\/fr\/product_category\/industrie-fr\/\" class=\"btn btn-primary outlinew btn-lg my-1\">Lire la suite<\/a>\r\n\t\t\t\t\t\t<\/div>\r\n\t\t\t\t\t<\/div>[\/vc_column_text][\/vc_column_inner][vc_column_inner el_class=\u00a0\u00bbpx-md-2 full-box\u00a0\u00bb width=\u00a0\u00bb1\/3&Prime;][vc_column_text 0=\u00a0\u00bb\u00a0\u00bb]<div class=\"full-box\" style=\"background-color:#9c6\">\r\n\t\t\t\t\t\t<img decoding=\"async\" data-src=\"\/public\/uploads\/Img_Maschera_Wellbeing_21-03_660x350.jpg\" class=\"img-responsive center-block w100 lazyload\" src=\"data:image\/svg+xml;base64,PHN2ZyB3aWR0aD0iMSIgaGVpZ2h0PSIxIiB4bWxucz0iaHR0cDovL3d3dy53My5vcmcvMjAwMC9zdmciPjwvc3ZnPg==\">\r\n\t\t\t\t\t\t<div class=\"full-box-content\">\r\n\t\t\t\t\t\t\t<h3>Solutions pour le Bien-\u00eatre<\/h3>\r\n\t\t\t\t\t\t\t<div class=\"separator separator-white\"><\/div>\r\n\t\t\t\t\t\t\t<p>Des mat\u00e9riaux pour le monde du bien-\u00eatre de la personne, de la cosm\u00e9tique \u00e0 la podologie et \u00e0 l\u2019otologie. <\/p>\r\n\t\t\t\t\t\t\t<a href=\"https:\/\/www.zhermack.com\/fr\/product_category\/bien-etre\/\" class=\"btn btn-primary outlinew btn-lg my-1\">Lire la suite<\/a>\r\n\t\t\t\t\t\t<\/div>\r\n\t\t\t\t\t<\/div>[\/vc_column_text][\/vc_column_inner][\/vc_row_inner][vc_row_inner equal_height=\u00a0\u00bbyes\u00a0\u00bb css=\u00a0\u00bb.vc_custom_1500546217268{margin-top: 2em !important;margin-bottom: 2em !important;}\u00a0\u00bb][vc_column_inner offset=\u00a0\u00bbvc_col-md-offset-4 vc_col-md-4&Prime;][vc_wp_search title=\u00a0\u00bbRecherche\u00a0\u00bb el_class=\u00a0\u00bbtext-center\u00a0\u00bb][\/vc_column_inner][\/vc_row_inner][\/vc_column][\/vc_row][vc_row full_width=\u00a0\u00bbstretch_row_content_no_spaces\u00a0\u00bb content_placement=\u00a0\u00bbmiddle\u00a0\u00bb el_class=\u00a0\u00bbcta text-center\u00a0\u00bb][vc_column][vc_column_text]<\/p>\n<h3>Demande des catalogues et des informations li\u00e9es aux produits<\/h3>\n<p><a class=\"btn btn-lg btn-primary\" href=\"https:\/\/www.zhermack.com\/fr\/contacts\/\">Contactez-nous<\/a>[\/vc_column_text][\/vc_column][\/vc_row][vc_row][vc_column width=\u00a0\u00bb1\/2&Prime;][vc_single_image image=\u00a0\u00bb53975&Prime; img_size=\u00a0\u00bbfull\u00a0\u00bb alignment=\u00a0\u00bbcenter\u00a0\u00bb css=\u00a0\u00bb\u00a0\u00bb][\/vc_column][vc_column width=\u00a0\u00bb1\/2&Prime;][vc_column_text css=\u00a0\u00bb\u00a0\u00bb]<\/p>\n<h2 class=\"h2\">Programme de webinaires internationaux 2026<\/h2>\n<p>Un nouveau programme de webinaires Zhermack International est sur le point de d\u00e9marrer pour tous les professionnels dentaires qui souhaitent am\u00e9liorer leurs connaissances en mati\u00e8re de formation clinique !<\/p>\n<p><strong>Ne manquez pas nos\u00a0\u00e9v\u00e9nements num\u00e9riques 2026 qui sont gratuits\u00a0!<\/strong><\/p>\n<p><strong><a href=\"https:\/\/educational-hub.zhermack.com\/webinars?filters%5B%5D=Upcoming+Live+Webinars\" target=\"_blank\" rel=\"noopener\">Enregistrez-vous maintenant!<\/a><\/strong>[\/vc_column_text][\/vc_column][\/vc_row][vc_row equal_height=\u00a0\u00bbyes\u00a0\u00bb content_placement=\u00a0\u00bbmiddle\u00a0\u00bb][vc_column width=\u00a0\u00bb1\/2&Prime;][vc_column_text 0=\u00a0\u00bb\u00a0\u00bb css=\u00a0\u00bb.vc_custom_1744624982295{padding-top: 3em !important;padding-right: 3em !important;padding-bottom: 3em !important;padding-left: 3em !important;}\u00a0\u00bb]<\/p>\n<h2 class=\"h2\">Zedu HUB: la plate-forme de contenus \u00e9ducatifs de Zhermack<\/h2>\n<p>D\u00e9couvrez <strong>notre plate-forme educative<\/strong> con\u00e7ue par Zhermack pour les professionnels du secteur dentaire. Visitez le <strong>site Web<\/strong>, puis inscrivez-vous gratuitement et vivez une exp\u00e9rience compl\u00e8te\u00a0! Vous y trouverez des <strong>webinaires, des cas cliniques, des articles, des livres \u00e9lectroniques, des vid\u00e9os de proc\u00e9dures<\/strong> et bien plus encore.<\/p>\n<p><a class=\"btn btn-lg btn-primary outline m-1\" href=\"https:\/\/educational-hub.zhermack.com\/\" target=\"_blank\" rel=\"noopener\">D\u00e9couvrez-le maintenant!<\/a>[\/vc_column_text][\/vc_column][vc_column width=\u00a0\u00bb1\/2&Prime; css=\u00a0\u00bb.vc_custom_1712156279655{margin-top: 0px !important;margin-right: 0px !important;margin-bottom: 0px !important;margin-left: 0px !important;padding-top: 0px !important;padding-right: 0px !important;padding-bottom: 0px !important;padding-left: 0px !important;}\u00a0\u00bb][vc_single_image image=\u00a0\u00bb47924&Prime; img_size=\u00a0\u00bbfull\u00a0\u00bb alignment=\u00a0\u00bbcenter\u00a0\u00bb][\/vc_column][\/vc_row][vc_row equal_height=\u00a0\u00bbyes\u00a0\u00bb content_placement=\u00a0\u00bbmiddle\u00a0\u00bb][vc_column width=\u00a0\u00bb1\/2&Prime; css=\u00a0\u00bb.vc_custom_1712156663730{margin-top: 0px !important;margin-right: 0px !important;margin-bottom: 0px !important;margin-left: 0px !important;padding-top: 0px !important;padding-right: 0px !important;padding-bottom: 0px !important;padding-left: 0px !important;}\u00a0\u00bb el_class=\u00a0\u00bborder-2 order-md-1&Prime;][vc_single_image image=\u00a0\u00bb51557&Prime; img_size=\u00a0\u00bbfull\u00a0\u00bb alignment=\u00a0\u00bbcenter\u00a0\u00bb][\/vc_column][vc_column width=\u00a0\u00bb1\/2&Prime; el_class=\u00a0\u00bborder-1 order-md-2&Prime;][vc_column_text 0=\u00a0\u00bb\u00a0\u00bb css=\u00a0\u00bb.vc_custom_1774944962005{padding-top: 3em !important;padding-right: 3em !important;padding-bottom: 3em !important;padding-left: 3em !important;}\u00a0\u00bb]<\/p>\n<h2><strong>Plongez dans le monde des webinaires Zhermack<\/strong><strong>!<\/strong><\/h2>\n<p>Zhermack Educational HUB est le site \u00e0 visiter si vous souhaitez renforcer vos connaissances gr\u00e2ce \u00e0 des webinaires tr\u00e8s utiles sur les derni\u00e8res tendances en mati\u00e8re de dentisterie.<\/p>\n<p>Avez-vous manqu\u00e9 certains \u00e9v\u00e8nements\u00a0? Ne vous inqui\u00e9tez pas\u00a0!<\/p>\n<p>Vous trouverez dans la section des webinaires, sur Zedu HUB, tous les enregistrements des \u00e9v\u00e8nements virtuels pass\u00e9s. N&rsquo;importe quand. N&rsquo;importe o\u00f9. Sur n&rsquo;importe quel appareil.<\/p>\n<p><a class=\"btn btn-lg btn-primary outline m-1\" href=\"https:\/\/educational-hub.zhermack.com\/webinars\" target=\"_blank\" rel=\"noopener\">D\u00e9couvrez-le maintenant!<\/a>[\/vc_column_text][\/vc_column][\/vc_row][vc_row equal_height=\u00a0\u00bbyes\u00a0\u00bb content_placement=\u00a0\u00bbmiddle\u00a0\u00bb][vc_column width=\u00a0\u00bb1\/2&Prime;][vc_column_text 0=\u00a0\u00bb\u00a0\u00bb css=\u00a0\u00bb.vc_custom_1712222858308{padding-top: 3em !important;padding-right: 3em !important;padding-bottom: 3em !important;padding-left: 3em !important;}\u00a0\u00bb]<\/p>\n<h2>Comment prendre une empreinte dentaire \u2013 FAQs<\/h2>\n<p>Les r\u00e9ponses aux questions les plus fr\u00e9quemment pos\u00e9es sur la bonne technique de prise d&#8217;empreinte. Dosage, m\u00e9lange, compatibilit\u00e9 et d\u00e9sinfection des mat\u00e9riels.<\/p>\n<p><a class=\"btn btn-lg btn-primary outline m-1\" href=\"https:\/\/www.zhermack.com\/fr\/comment-prendre-une-empreinte-dentaire\/\">Lire la suite<\/a>[\/vc_column_text][\/vc_column][vc_column width=\u00a0\u00bb1\/2&Prime; css=\u00a0\u00bb.vc_custom_1712156928299{margin-top: 0px !important;margin-right: 0px !important;margin-bottom: 0px !important;margin-left: 0px !important;padding-top: 0px !important;padding-right: 0px !important;padding-bottom: 0px !important;padding-left: 0px !important;}\u00a0\u00bb][vc_single_image image=\u00a0\u00bb47646&Prime; img_size=\u00a0\u00bbfull\u00a0\u00bb alignment=\u00a0\u00bbcenter\u00a0\u00bb][\/vc_column][\/vc_row]<\/p>\n<\/div>","protected":false},"excerpt":{"rendered":"<p>[vc_row full_width=\u00a0\u00bbstretch_row_content_no_spaces\u00a0\u00bb css=\u00a0\u00bb.vc_custom_1498491953712{padding-top: 1em !important;padding-bottom: 1em !important;}\u00a0\u00bb][vc_column el_class=\u00a0\u00bbcontainer\u00a0\u00bb][vc_row_inner 0=\u00a0\u00bb\u00a0\u00bb css=\u00a0\u00bb.vc_custom_1701704563219{padding-right: 2rem !important;padding-left: 2rem !important;}\u00a0\u00bb][vc_column_inner width=\u00a0\u00bb1\/2&Prime; offset=\u00a0\u00bbvc_col-sm-offset-3&Prime;][vc_column_text 0=\u00a0\u00bb\u00a0\u00bb css=\u00a0\u00bb\u00a0\u00bb] Le monde Zhermack Mat\u00e9riaux et solutions pour le secteur dentaire, industriel et bien-\u00eatre. Zhermack SpA fait partie depuis plus de 35 ans des meilleurs producteurs et distributeurs internationaux d\u2019alginates, pl\u00e2tres et pr\u00e9parations silicon\u00e9es pour le secteur dentaire, [&hellip;]<\/p>\n","protected":false},"author":1,"featured_media":0,"parent":0,"menu_order":18,"comment_status":"closed","ping_status":"closed","template":"front-page.php","meta":{"_acf_changed":false,"rs_blank_template":"","rs_page_bg_color":"","slide_template_v7":"","footnotes":""},"class_list":["post-14264","page","type-page","status-publish","hentry"],"acf":[],"yoast_head":"<!-- This site is optimized with the Yoast SEO plugin v27.3 - https:\/\/yoast.com\/product\/yoast-seo-wordpress\/ -->\n<title>Mat\u00e9riaux pour le secteur dentaire, industriel, bien-\u00eatre - Zhermack<\/title>\n<meta name=\"description\" content=\"Parmi les principaux producteurs et distributeurs internationaux d&#039;alginates, pl\u00e2tres et compos\u00e9s de silicone pour les secteurs dentaire et industriel.\" \/>\n<meta name=\"robots\" content=\"index, follow, max-snippet:-1, max-image-preview:large, max-video-preview:-1\" \/>\n<link rel=\"canonical\" href=\"https:\/\/www.zhermack.com\/fr\/\" \/>\n<meta property=\"og:locale\" content=\"fr_FR\" \/>\n<meta property=\"og:type\" content=\"article\" \/>\n<meta property=\"og:title\" content=\"Mat\u00e9riaux pour le secteur dentaire, industriel, bien-\u00eatre - Zhermack\" \/>\n<meta property=\"og:description\" content=\"Parmi les principaux producteurs et distributeurs internationaux d&#039;alginates, pl\u00e2tres et compos\u00e9s de silicone pour les secteurs dentaire et industriel.\" \/>\n<meta property=\"og:url\" content=\"https:\/\/www.zhermack.com\/fr\/\" \/>\n<meta property=\"og:site_name\" content=\"Zhermack\" \/>\n<meta property=\"article:modified_time\" content=\"2026-03-31T10:09:55+00:00\" \/>\n<meta property=\"og:image\" content=\"https:\/\/www.zhermack.com\/public\/uploads\/Header_Company.jpg\" \/>\n\t<meta property=\"og:image:width\" content=\"2300\" \/>\n\t<meta property=\"og:image:height\" content=\"400\" \/>\n\t<meta property=\"og:image:type\" content=\"image\/jpeg\" \/>\n<meta name=\"twitter:card\" content=\"summary_large_image\" \/>\n<meta name=\"twitter:label1\" content=\"Dur\u00e9e de lecture estim\u00e9e\" \/>\n\t<meta name=\"twitter:data1\" content=\"3 minutes\" \/>\n<script type=\"application\/ld+json\" class=\"yoast-schema-graph\">{\"@context\":\"https:\\\/\\\/schema.org\",\"@graph\":[{\"@type\":\"WebPage\",\"@id\":\"https:\\\/\\\/www.zhermack.com\\\/fr\\\/\",\"url\":\"https:\\\/\\\/www.zhermack.com\\\/fr\\\/\",\"name\":\"Mat\u00e9riaux pour le secteur dentaire, industriel, bien-\u00eatre - Zhermack\",\"isPartOf\":{\"@id\":\"https:\\\/\\\/www.zhermack.com\\\/fr\\\/#website\"},\"datePublished\":\"2017-04-06T09:19:32+00:00\",\"dateModified\":\"2026-03-31T10:09:55+00:00\",\"description\":\"Parmi les principaux producteurs et distributeurs internationaux d'alginates, pl\u00e2tres et compos\u00e9s de silicone pour les secteurs dentaire et industriel.\",\"breadcrumb\":{\"@id\":\"https:\\\/\\\/www.zhermack.com\\\/fr\\\/#breadcrumb\"},\"inLanguage\":\"fr-FR\",\"potentialAction\":[{\"@type\":\"ReadAction\",\"target\":[\"https:\\\/\\\/www.zhermack.com\\\/fr\\\/\"]}]},{\"@type\":\"BreadcrumbList\",\"@id\":\"https:\\\/\\\/www.zhermack.com\\\/fr\\\/#breadcrumb\",\"itemListElement\":[{\"@type\":\"ListItem\",\"position\":1,\"name\":\"Home\",\"item\":\"https:\\\/\\\/www.zhermack.com\\\/fr\\\/\"},{\"@type\":\"ListItem\",\"position\":2,\"name\":\"Home page\"}]},{\"@type\":\"WebSite\",\"@id\":\"https:\\\/\\\/www.zhermack.com\\\/fr\\\/#website\",\"url\":\"https:\\\/\\\/www.zhermack.com\\\/fr\\\/\",\"name\":\"Zhermack\",\"description\":\"\",\"publisher\":{\"@id\":\"https:\\\/\\\/www.zhermack.com\\\/fr\\\/#organization\"},\"potentialAction\":[{\"@type\":\"SearchAction\",\"target\":{\"@type\":\"EntryPoint\",\"urlTemplate\":\"https:\\\/\\\/www.zhermack.com\\\/fr\\\/?s={search_term_string}\"},\"query-input\":{\"@type\":\"PropertyValueSpecification\",\"valueRequired\":true,\"valueName\":\"search_term_string\"}}],\"inLanguage\":\"fr-FR\"},{\"@type\":\"Organization\",\"@id\":\"https:\\\/\\\/www.zhermack.com\\\/fr\\\/#organization\",\"name\":\"zhermack\",\"url\":\"https:\\\/\\\/www.zhermack.com\\\/fr\\\/\",\"logo\":{\"@type\":\"ImageObject\",\"inLanguage\":\"fr-FR\",\"@id\":\"https:\\\/\\\/www.zhermack.com\\\/fr\\\/#\\\/schema\\\/logo\\\/image\\\/\",\"url\":\"\\\/public\\\/uploads\\\/logo-1.png\",\"contentUrl\":\"\\\/public\\\/uploads\\\/logo-1.png\",\"width\":284,\"height\":37,\"caption\":\"zhermack\"},\"image\":{\"@id\":\"https:\\\/\\\/www.zhermack.com\\\/fr\\\/#\\\/schema\\\/logo\\\/image\\\/\"}}]}<\/script>\n<!-- \/ Yoast SEO plugin. -->","yoast_head_json":{"title":"Mat\u00e9riaux pour le secteur dentaire, industriel, bien-\u00eatre - Zhermack","description":"Parmi les principaux producteurs et distributeurs internationaux d'alginates, pl\u00e2tres et compos\u00e9s de silicone pour les secteurs dentaire et industriel.","robots":{"index":"index","follow":"follow","max-snippet":"max-snippet:-1","max-image-preview":"max-image-preview:large","max-video-preview":"max-video-preview:-1"},"canonical":"https:\/\/www.zhermack.com\/fr\/","og_locale":"fr_FR","og_type":"article","og_title":"Mat\u00e9riaux pour le secteur dentaire, industriel, bien-\u00eatre - Zhermack","og_description":"Parmi les principaux producteurs et distributeurs internationaux d'alginates, pl\u00e2tres et compos\u00e9s de silicone pour les secteurs dentaire et industriel.","og_url":"https:\/\/www.zhermack.com\/fr\/","og_site_name":"Zhermack","article_modified_time":"2026-03-31T10:09:55+00:00","og_image":[{"width":2300,"height":400,"url":"https:\/\/www.zhermack.com\/public\/uploads\/Header_Company.jpg","type":"image\/jpeg"}],"twitter_card":"summary_large_image","twitter_misc":{"Dur\u00e9e de lecture estim\u00e9e":"3 minutes"},"schema":{"@context":"https:\/\/schema.org","@graph":[{"@type":"WebPage","@id":"https:\/\/www.zhermack.com\/fr\/","url":"https:\/\/www.zhermack.com\/fr\/","name":"Mat\u00e9riaux pour le secteur dentaire, industriel, bien-\u00eatre - Zhermack","isPartOf":{"@id":"https:\/\/www.zhermack.com\/fr\/#website"},"datePublished":"2017-04-06T09:19:32+00:00","dateModified":"2026-03-31T10:09:55+00:00","description":"Parmi les principaux producteurs et distributeurs internationaux d'alginates, pl\u00e2tres et compos\u00e9s de silicone pour les secteurs dentaire et industriel.","breadcrumb":{"@id":"https:\/\/www.zhermack.com\/fr\/#breadcrumb"},"inLanguage":"fr-FR","potentialAction":[{"@type":"ReadAction","target":["https:\/\/www.zhermack.com\/fr\/"]}]},{"@type":"BreadcrumbList","@id":"https:\/\/www.zhermack.com\/fr\/#breadcrumb","itemListElement":[{"@type":"ListItem","position":1,"name":"Home","item":"https:\/\/www.zhermack.com\/fr\/"},{"@type":"ListItem","position":2,"name":"Home page"}]},{"@type":"WebSite","@id":"https:\/\/www.zhermack.com\/fr\/#website","url":"https:\/\/www.zhermack.com\/fr\/","name":"Zhermack","description":"","publisher":{"@id":"https:\/\/www.zhermack.com\/fr\/#organization"},"potentialAction":[{"@type":"SearchAction","target":{"@type":"EntryPoint","urlTemplate":"https:\/\/www.zhermack.com\/fr\/?s={search_term_string}"},"query-input":{"@type":"PropertyValueSpecification","valueRequired":true,"valueName":"search_term_string"}}],"inLanguage":"fr-FR"},{"@type":"Organization","@id":"https:\/\/www.zhermack.com\/fr\/#organization","name":"zhermack","url":"https:\/\/www.zhermack.com\/fr\/","logo":{"@type":"ImageObject","inLanguage":"fr-FR","@id":"https:\/\/www.zhermack.com\/fr\/#\/schema\/logo\/image\/","url":"\/public\/uploads\/logo-1.png","contentUrl":"\/public\/uploads\/logo-1.png","width":284,"height":37,"caption":"zhermack"},"image":{"@id":"https:\/\/www.zhermack.com\/fr\/#\/schema\/logo\/image\/"}}]}},"_links":{"self":[{"href":"https:\/\/www.zhermack.com\/fr\/wp-json\/wp\/v2\/pages\/14264","targetHints":{"allow":["GET"]}}],"collection":[{"href":"https:\/\/www.zhermack.com\/fr\/wp-json\/wp\/v2\/pages"}],"about":[{"href":"https:\/\/www.zhermack.com\/fr\/wp-json\/wp\/v2\/types\/page"}],"author":[{"embeddable":true,"href":"https:\/\/www.zhermack.com\/fr\/wp-json\/wp\/v2\/users\/1"}],"replies":[{"embeddable":true,"href":"https:\/\/www.zhermack.com\/fr\/wp-json\/wp\/v2\/comments?post=14264"}],"version-history":[{"count":11,"href":"https:\/\/www.zhermack.com\/fr\/wp-json\/wp\/v2\/pages\/14264\/revisions"}],"predecessor-version":[{"id":54004,"href":"https:\/\/www.zhermack.com\/fr\/wp-json\/wp\/v2\/pages\/14264\/revisions\/54004"}],"wp:attachment":[{"href":"https:\/\/www.zhermack.com\/fr\/wp-json\/wp\/v2\/media?parent=14264"}],"curies":[{"name":"wp","href":"https:\/\/api.w.org\/{rel}","templated":true}]}}