{"id":41583,"date":"2022-03-21T11:43:50","date_gmt":"2022-03-21T10:43:50","guid":{"rendered":"https:\/\/www.zhermack.com\/privacy-information-per-profilazione\/"},"modified":"2025-01-14T17:14:02","modified_gmt":"2025-01-14T16:14:02","slug":"informacion-de-privacidad-para-perfilado","status":"publish","type":"page","link":"https:\/\/www.zhermack.com\/es\/informacion-de-privacidad-para-perfilado\/","title":{"rendered":"Informaci\u00f3n De Privacidad Para Perfilado"},"content":{"rendered":"<div class=\"wpb-content-wrapper\"><p>[vc_row full_width=\u00bbstretch_row_content_no_spaces\u00bb][vc_column width=\u00bb2\/3&#8243; el_class=\u00bbp-1 p-sm-3 p-lg-4&#8243; offset=\u00bbvc_col-md-offset-2&#8243;][vc_column_text]<\/p>\n<h3>Informaci\u00f3n De Privacidad Para Perfilado<\/h3>\n<p>El responsable del tratamiento es Zhermack SpA. El tratamiento de tus datos personales se realizar\u00e1 siempre sobre la base de tu consentimiento. La decisi\u00f3n de acceder a facilitar cualquier informaci\u00f3n es opcional y voluntaria por parte del usuario, pero en caso de no facilitarse dicha informaci\u00f3n, es posible que veamos limitada nuestra capacidad para realizar las actividades relacionadas. Trataremos tus datos personales solo a nivel interno de la empresa Zhermack, o bien recurriendo a colaboradores que nos prestan servicios. Dado que Zhermack forma parte de un grupo de \u00e1mbito global, tus datos personales podr\u00e1n transferirse a otras unidades del grupo o a socios que nos prestan servicios tanto dentro como fuera de la UE y del EEE. Todas las transferencias de datos personales se realizar\u00e1n con las finalidades anteriormente indicadas. Zhermack garantiza que la transferencia ser\u00e1 segura y se realizar\u00e1 conforme a la legislaci\u00f3n vigente. Tus datos personales no se conservar\u00e1n durante un periodo m\u00e1s largo de lo necesario para aquellos fines de tratamiento en relaci\u00f3n con los cuales hayas facilitado tus datos, o bien para otras ulteriores finalidades para las que hayas dado tu consentimiento. Los periodos de conservaci\u00f3n espec\u00edficos se detallan en la Pol\u00edtica de conservaci\u00f3n de documentos empresariales de Dentsply Sirona. Si retiras tu consentimiento, Zhermack dejar\u00e1 de recopilar o tratar tus datos personales sobre la base de dicho consentimiento. Los datos personales que se recopilen en funci\u00f3n de tu consentimiento antes de que retires este \u00faltimo podr\u00e1n tratarse si ello est\u00e1 legalmente permitido (por ejemplo, si necesitamos alguna informaci\u00f3n para dirimir disputas legales, por motivos de seguridad relacionados con un producto o si la informaci\u00f3n en cuesti\u00f3n fuera necesaria para otros fines en relaci\u00f3n con los cuales no hayas revocado tu consentimiento). Puedes retirar tu consentimiento en cualquier momento. Tambi\u00e9n tienes derecho a solicitar una copia de la informaci\u00f3n que estemos elaborando sobre ti, a oponerte a determinadas formas de tratamiento de datos, a solicitar la rectificaci\u00f3n, cancelaci\u00f3n o limitaci\u00f3n de uso de tus datos en determinadas circunstancias, o a solicitar una copia de algunos de tus datos en formato legible por m\u00e1quina (\u00abportabilidad de datos\u00bb). Si deseas ejercer uno de estos derechos o tienes preguntas sobre el tratamiento de tus datos personales por nuestra parte, te rogamos que escribas a Zhermack SpA, via Bovazecchino 100, 45021 Badia Polesine (RO), Italia, a la direcci\u00f3n de correo electr\u00f3nico <a href=\"mailto:privacy@zhermack.com\">privacy@zhermack.com<\/a>, o al departamento de protecci\u00f3n de datos a la direcci\u00f3n <a href=\"mailto:EUPrivacyOffice@dentsplysirona.com\">EUPrivacyOffice@dentsplysirona.com<\/a>. Si quieres presentar alguna reclamaci\u00f3n sobre el tratamiento que hacemos de tus datos y no deseas hacerlo directamente, puedes dirigirte a la Autoridad de Protecci\u00f3n de Datos, Piazza Venezia n. 11, 00187 Roma, Centralita telef\u00f3nica: (+39) 06.696771, direcci\u00f3n de correo electr\u00f3nico: <a href=\"mailto:protocollo@gpdp.it\">protocollo@gpdp.it<\/a>.<\/p>\n<p>Para m\u00e1s informaci\u00f3n, haga clic <a href=\"https:\/\/www.dentsplysirona.com\/es-es\/legal\/privacy-policy.html\">aqu\u00ed<\/a>[\/vc_column_text][\/vc_column][\/vc_row]<\/p>\n<\/div>","protected":false},"excerpt":{"rendered":"<p>[vc_row full_width=\u00bbstretch_row_content_no_spaces\u00bb][vc_column width=\u00bb2\/3&#8243; el_class=\u00bbp-1 p-sm-3 p-lg-4&#8243; offset=\u00bbvc_col-md-offset-2&#8243;][vc_column_text] Informaci\u00f3n De Privacidad Para Perfilado El responsable del tratamiento es Zhermack SpA. El tratamiento de tus datos personales se realizar\u00e1 siempre sobre la base de tu consentimiento. La decisi\u00f3n de acceder a facilitar cualquier informaci\u00f3n es opcional y voluntaria por parte del usuario, pero en caso de no [&hellip;]<\/p>\n","protected":false},"author":1,"featured_media":0,"parent":0,"menu_order":0,"comment_status":"closed","ping_status":"closed","template":"","meta":{"_acf_changed":false,"rs_blank_template":"","rs_page_bg_color":"","slide_template_v7":"","footnotes":""},"class_list":["post-41583","page","type-page","status-publish","hentry"],"acf":[],"yoast_head":"<!-- This site is optimized with the Yoast SEO plugin v27.3 - https:\/\/yoast.com\/product\/yoast-seo-wordpress\/ -->\n<title>Informaci\u00f3n De Privacidad Para Perfilado - Zhermack<\/title>\n<meta name=\"robots\" content=\"index, follow, max-snippet:-1, max-image-preview:large, max-video-preview:-1\" \/>\n<link rel=\"canonical\" href=\"https:\/\/www.zhermack.com\/es\/informacion-de-privacidad-para-perfilado\/\" \/>\n<meta property=\"og:locale\" content=\"es_ES\" \/>\n<meta property=\"og:type\" content=\"article\" \/>\n<meta property=\"og:title\" content=\"Informaci\u00f3n De Privacidad Para Perfilado - Zhermack\" \/>\n<meta property=\"og:description\" content=\"[vc_row full_width=\u00bbstretch_row_content_no_spaces\u00bb][vc_column width=\u00bb2\/3&#8243; el_class=\u00bbp-1 p-sm-3 p-lg-4&#8243; offset=\u00bbvc_col-md-offset-2&#8243;][vc_column_text] Informaci\u00f3n De Privacidad Para Perfilado El responsable del tratamiento es Zhermack SpA. El tratamiento de tus datos personales se realizar\u00e1 siempre sobre la base de tu consentimiento. La decisi\u00f3n de acceder a facilitar cualquier informaci\u00f3n es opcional y voluntaria por parte del usuario, pero en caso de no [&hellip;]\" \/>\n<meta property=\"og:url\" content=\"https:\/\/www.zhermack.com\/es\/informacion-de-privacidad-para-perfilado\/\" \/>\n<meta property=\"og:site_name\" content=\"Zhermack\" \/>\n<meta property=\"article:modified_time\" content=\"2025-01-14T16:14:02+00:00\" \/>\n<meta property=\"og:image\" content=\"https:\/\/www.zhermack.com\/public\/uploads\/Header_Company.jpg\" \/>\n\t<meta property=\"og:image:width\" content=\"2300\" \/>\n\t<meta property=\"og:image:height\" content=\"400\" \/>\n\t<meta property=\"og:image:type\" content=\"image\/jpeg\" \/>\n<meta name=\"twitter:card\" content=\"summary_large_image\" \/>\n<meta name=\"twitter:label1\" content=\"Tiempo de lectura\" \/>\n\t<meta name=\"twitter:data1\" content=\"3 minutos\" \/>\n<script type=\"application\/ld+json\" class=\"yoast-schema-graph\">{\"@context\":\"https:\\\/\\\/schema.org\",\"@graph\":[{\"@type\":\"WebPage\",\"@id\":\"https:\\\/\\\/www.zhermack.com\\\/es\\\/informacion-de-privacidad-para-perfilado\\\/\",\"url\":\"https:\\\/\\\/www.zhermack.com\\\/es\\\/informacion-de-privacidad-para-perfilado\\\/\",\"name\":\"Informaci\u00f3n De Privacidad Para Perfilado - Zhermack\",\"isPartOf\":{\"@id\":\"https:\\\/\\\/www.zhermack.com\\\/es\\\/#website\"},\"datePublished\":\"2022-03-21T10:43:50+00:00\",\"dateModified\":\"2025-01-14T16:14:02+00:00\",\"breadcrumb\":{\"@id\":\"https:\\\/\\\/www.zhermack.com\\\/es\\\/informacion-de-privacidad-para-perfilado\\\/#breadcrumb\"},\"inLanguage\":\"es\",\"potentialAction\":[{\"@type\":\"ReadAction\",\"target\":[\"https:\\\/\\\/www.zhermack.com\\\/es\\\/informacion-de-privacidad-para-perfilado\\\/\"]}]},{\"@type\":\"BreadcrumbList\",\"@id\":\"https:\\\/\\\/www.zhermack.com\\\/es\\\/informacion-de-privacidad-para-perfilado\\\/#breadcrumb\",\"itemListElement\":[{\"@type\":\"ListItem\",\"position\":1,\"name\":\"Home\",\"item\":\"https:\\\/\\\/www.zhermack.com\\\/es\\\/\"},{\"@type\":\"ListItem\",\"position\":2,\"name\":\"Informaci\u00f3n De Privacidad Para Perfilado\"}]},{\"@type\":\"WebSite\",\"@id\":\"https:\\\/\\\/www.zhermack.com\\\/es\\\/#website\",\"url\":\"https:\\\/\\\/www.zhermack.com\\\/es\\\/\",\"name\":\"Zhermack\",\"description\":\"\",\"publisher\":{\"@id\":\"https:\\\/\\\/www.zhermack.com\\\/es\\\/#organization\"},\"potentialAction\":[{\"@type\":\"SearchAction\",\"target\":{\"@type\":\"EntryPoint\",\"urlTemplate\":\"https:\\\/\\\/www.zhermack.com\\\/es\\\/?s={search_term_string}\"},\"query-input\":{\"@type\":\"PropertyValueSpecification\",\"valueRequired\":true,\"valueName\":\"search_term_string\"}}],\"inLanguage\":\"es\"},{\"@type\":\"Organization\",\"@id\":\"https:\\\/\\\/www.zhermack.com\\\/es\\\/#organization\",\"name\":\"zhermack\",\"url\":\"https:\\\/\\\/www.zhermack.com\\\/es\\\/\",\"logo\":{\"@type\":\"ImageObject\",\"inLanguage\":\"es\",\"@id\":\"https:\\\/\\\/www.zhermack.com\\\/es\\\/#\\\/schema\\\/logo\\\/image\\\/\",\"url\":\"\\\/public\\\/uploads\\\/logo-1.png\",\"contentUrl\":\"\\\/public\\\/uploads\\\/logo-1.png\",\"width\":284,\"height\":37,\"caption\":\"zhermack\"},\"image\":{\"@id\":\"https:\\\/\\\/www.zhermack.com\\\/es\\\/#\\\/schema\\\/logo\\\/image\\\/\"}}]}<\/script>\n<!-- \/ Yoast SEO plugin. -->","yoast_head_json":{"title":"Informaci\u00f3n De Privacidad Para Perfilado - Zhermack","robots":{"index":"index","follow":"follow","max-snippet":"max-snippet:-1","max-image-preview":"max-image-preview:large","max-video-preview":"max-video-preview:-1"},"canonical":"https:\/\/www.zhermack.com\/es\/informacion-de-privacidad-para-perfilado\/","og_locale":"es_ES","og_type":"article","og_title":"Informaci\u00f3n De Privacidad Para Perfilado - Zhermack","og_description":"[vc_row full_width=\u00bbstretch_row_content_no_spaces\u00bb][vc_column width=\u00bb2\/3&#8243; el_class=\u00bbp-1 p-sm-3 p-lg-4&#8243; offset=\u00bbvc_col-md-offset-2&#8243;][vc_column_text] Informaci\u00f3n De Privacidad Para Perfilado El responsable del tratamiento es Zhermack SpA. El tratamiento de tus datos personales se realizar\u00e1 siempre sobre la base de tu consentimiento. La decisi\u00f3n de acceder a facilitar cualquier informaci\u00f3n es opcional y voluntaria por parte del usuario, pero en caso de no [&hellip;]","og_url":"https:\/\/www.zhermack.com\/es\/informacion-de-privacidad-para-perfilado\/","og_site_name":"Zhermack","article_modified_time":"2025-01-14T16:14:02+00:00","og_image":[{"width":2300,"height":400,"url":"https:\/\/www.zhermack.com\/public\/uploads\/Header_Company.jpg","type":"image\/jpeg"}],"twitter_card":"summary_large_image","twitter_misc":{"Tiempo de lectura":"3 minutos"},"schema":{"@context":"https:\/\/schema.org","@graph":[{"@type":"WebPage","@id":"https:\/\/www.zhermack.com\/es\/informacion-de-privacidad-para-perfilado\/","url":"https:\/\/www.zhermack.com\/es\/informacion-de-privacidad-para-perfilado\/","name":"Informaci\u00f3n De Privacidad Para Perfilado - Zhermack","isPartOf":{"@id":"https:\/\/www.zhermack.com\/es\/#website"},"datePublished":"2022-03-21T10:43:50+00:00","dateModified":"2025-01-14T16:14:02+00:00","breadcrumb":{"@id":"https:\/\/www.zhermack.com\/es\/informacion-de-privacidad-para-perfilado\/#breadcrumb"},"inLanguage":"es","potentialAction":[{"@type":"ReadAction","target":["https:\/\/www.zhermack.com\/es\/informacion-de-privacidad-para-perfilado\/"]}]},{"@type":"BreadcrumbList","@id":"https:\/\/www.zhermack.com\/es\/informacion-de-privacidad-para-perfilado\/#breadcrumb","itemListElement":[{"@type":"ListItem","position":1,"name":"Home","item":"https:\/\/www.zhermack.com\/es\/"},{"@type":"ListItem","position":2,"name":"Informaci\u00f3n De Privacidad Para Perfilado"}]},{"@type":"WebSite","@id":"https:\/\/www.zhermack.com\/es\/#website","url":"https:\/\/www.zhermack.com\/es\/","name":"Zhermack","description":"","publisher":{"@id":"https:\/\/www.zhermack.com\/es\/#organization"},"potentialAction":[{"@type":"SearchAction","target":{"@type":"EntryPoint","urlTemplate":"https:\/\/www.zhermack.com\/es\/?s={search_term_string}"},"query-input":{"@type":"PropertyValueSpecification","valueRequired":true,"valueName":"search_term_string"}}],"inLanguage":"es"},{"@type":"Organization","@id":"https:\/\/www.zhermack.com\/es\/#organization","name":"zhermack","url":"https:\/\/www.zhermack.com\/es\/","logo":{"@type":"ImageObject","inLanguage":"es","@id":"https:\/\/www.zhermack.com\/es\/#\/schema\/logo\/image\/","url":"\/public\/uploads\/logo-1.png","contentUrl":"\/public\/uploads\/logo-1.png","width":284,"height":37,"caption":"zhermack"},"image":{"@id":"https:\/\/www.zhermack.com\/es\/#\/schema\/logo\/image\/"}}]}},"_links":{"self":[{"href":"https:\/\/www.zhermack.com\/es\/wp-json\/wp\/v2\/pages\/41583","targetHints":{"allow":["GET"]}}],"collection":[{"href":"https:\/\/www.zhermack.com\/es\/wp-json\/wp\/v2\/pages"}],"about":[{"href":"https:\/\/www.zhermack.com\/es\/wp-json\/wp\/v2\/types\/page"}],"author":[{"embeddable":true,"href":"https:\/\/www.zhermack.com\/es\/wp-json\/wp\/v2\/users\/1"}],"replies":[{"embeddable":true,"href":"https:\/\/www.zhermack.com\/es\/wp-json\/wp\/v2\/comments?post=41583"}],"version-history":[{"count":0,"href":"https:\/\/www.zhermack.com\/es\/wp-json\/wp\/v2\/pages\/41583\/revisions"}],"wp:attachment":[{"href":"https:\/\/www.zhermack.com\/es\/wp-json\/wp\/v2\/media?parent=41583"}],"curies":[{"name":"wp","href":"https:\/\/api.w.org\/{rel}","templated":true}]}}