{"id":44539,"date":"2023-05-02T17:43:06","date_gmt":"2023-05-02T15:43:06","guid":{"rendered":"https:\/\/www.zhermack.com\/?page_id=44539"},"modified":"2025-01-14T17:17:12","modified_gmt":"2025-01-14T16:17:12","slug":"datenschutzinformationen-fuer-das-profiling","status":"publish","type":"page","link":"https:\/\/www.zhermack.com\/de\/datenschutzinformationen-fuer-das-profiling\/","title":{"rendered":"Datenschutz-<br>informationen f\u00fcr das Profiling"},"content":{"rendered":"<div class=\"wpb-content-wrapper\"><p>[vc_row full_width=&#8220;stretch_row_content_no_spaces&#8220;][vc_column width=&#8220;2\/3&#8243; el_class=&#8220;p-1 p-sm-3 p-lg-4&#8243; offset=&#8220;vc_col-md-offset-2&#8243;][vc_column_text]Der Datenverantwortliche ist Zhermack SpA. Rechtsgrundlage f\u00fcr die Verarbeitung Ihrer personenbezogenen Daten ist die Einwilligung. Die Bereitstellung von Informationen ist freiwillig, wenn Sie jedoch keine Informationen zur Verf\u00fcgung stellen, schr\u00e4nkt dies unsere M\u00f6glichkeiten zum Durchf\u00fchren diese Aktivit\u00e4ten ein. Wir verarbeiten Ihre personenbezogenen Daten nur innerhalb der Zhermack-Organisation oder durch entsprechend beauftragte Dienstleistungspartner. Da Zhermack Teil einer globalen Organisation ist, k\u00f6nnen Ihre personenbezogenen Daten an andere Einheiten innerhalb der Gruppe oder an beauftragte Dienstleistungspartner innerhalb oder au\u00dferhalb der EU\/des EWR \u00fcbermittelt werden. S\u00e4mtliche \u00dcbermittlungen personenbezogener Daten erfolgen zum Zwecke der Unterst\u00fctzung der oben genannten Ziele. Zhermack sorgt daf\u00fcr, dass die \u00dcbermittlung datensicher und im Einklang mit geltendem Recht erfolgt.<\/p>\n<p>Ihre personenbezogenen Daten werden nur solange aufbewahrt, wie es f\u00fcr die Zwecke der Verarbeitung, f\u00fcr die Sie Ihre Daten zur Verf\u00fcgung gestellt haben, oder f\u00fcr zus\u00e4tzliche Zwecke, denen Sie zugestimmt haben, erforderlich ist. Spezifische Aufbewahrungsfristen sind in einer entsprechenden Richtlinie (\u201eDentsply Sirona Corporate Record Retention Policy\u201c) festgelegt.<\/p>\n<p>Wenn Sie Ihre Einwilligung widerrufen, wird Zhermack Ihre personenbezogenen Daten nicht mehr auf Grundlage dieser Einwilligung erheben oder verarbeiten. Auf Grundlage einer vor dem Widerruf erteilten Einwilligung erhobene personenbezogene Daten k\u00f6nnen weiterhin verarbeitet werden, wenn dies gesetzlich zul\u00e4ssig ist, z.\u00a0B. wenn wir die Informationen f\u00fcr einen Rechtsstreit oder aus Gr\u00fcnden der Produktsicherheit oder f\u00fcr andere Zwecke ben\u00f6tigen, f\u00fcr die Sie Ihre Einwilligung nicht widerrufen haben. Sie k\u00f6nnen Ihre Einwilligung jederzeit widerrufen. Sie haben auch das Recht auf eine Kopie der Informationen, die wir \u00fcber Sie verarbeiten, auf Einlegen von Widerspruch gegen bestimmte Verarbeitungen, auf Berichtigung, L\u00f6schung oder Einschr\u00e4nkung Ihrer Daten unter bestimmten Umst\u00e4nden oder auf eine Kopie einiger Ihrer Daten in maschinenlesbarer Form (\u201eDaten\u00fcbertragbarkeit\u201c). Wenn Sie eines dieser Rechte aus\u00fcben m\u00f6chten oder Fragen zu unserer Verarbeitung Ihrer personenbezogenen Daten haben, wenden Sie sich bitte per Post an Zhermack Spa, via Bovazecchino 100, 45021 Badia Polesine (RO), Italy, per E-Mail an privacy@zhermack.com oder das Datenschutzb\u00fcro unter EUPrivacyOffice@dentsplysirona.com. Wenn Sie Beanstandungen zu unserer Verarbeitung haben, die Sie nicht direkt an uns richten m\u00f6chten, k\u00f6nnen Sie sich an die italienische Aufsichtsbeh\u00f6rde f\u00fcr den Schutz personenbezogener Daten wenden: Supervisory Authority for Personal Data Protection, Piazza Venezia Nr. 11, 00187 Roma, Italy, Telefonzentrale: (+39) 06.696771, E-Mail:<a href=\"mailto:protocollo@gpdp.it\"> protocollo@gpdp.it<\/a>.<\/p>\n<p>Weitere Informationen erhalten Sie, indem Sie <a href=\"https:\/\/www.dentsplysirona.com\/de-de\/rechtliches\/datenschutzerklaerung.html\">hier<\/a> klicken.[\/vc_column_text][\/vc_column][\/vc_row]<\/p>\n<\/div>","protected":false},"excerpt":{"rendered":"<p>[vc_row full_width=&#8220;stretch_row_content_no_spaces&#8220;][vc_column width=&#8220;2\/3&#8243; el_class=&#8220;p-1 p-sm-3 p-lg-4&#8243; offset=&#8220;vc_col-md-offset-2&#8243;][vc_column_text]Der Datenverantwortliche ist Zhermack SpA. Rechtsgrundlage f\u00fcr die Verarbeitung Ihrer personenbezogenen Daten ist die Einwilligung. Die Bereitstellung von Informationen ist freiwillig, wenn Sie jedoch keine Informationen zur Verf\u00fcgung stellen, schr\u00e4nkt dies unsere M\u00f6glichkeiten zum Durchf\u00fchren diese Aktivit\u00e4ten ein. Wir verarbeiten Ihre personenbezogenen Daten nur innerhalb der Zhermack-Organisation oder durch [&hellip;]<\/p>\n","protected":false},"author":1,"featured_media":0,"parent":0,"menu_order":0,"comment_status":"closed","ping_status":"closed","template":"","meta":{"_acf_changed":false,"rs_blank_template":"","rs_page_bg_color":"","slide_template_v7":"","footnotes":""},"class_list":["post-44539","page","type-page","status-publish","hentry"],"acf":[],"yoast_head":"<!-- This site is optimized with the Yoast SEO plugin v27.3 - https:\/\/yoast.com\/product\/yoast-seo-wordpress\/ -->\n<title>Datenschutz-informationen f\u00fcr das Profiling - Zhermack<\/title>\n<meta name=\"robots\" content=\"index, follow, max-snippet:-1, max-image-preview:large, max-video-preview:-1\" \/>\n<link rel=\"canonical\" href=\"https:\/\/www.zhermack.com\/de\/datenschutzinformationen-fuer-das-profiling\/\" \/>\n<meta property=\"og:locale\" content=\"de_DE\" \/>\n<meta property=\"og:type\" content=\"article\" \/>\n<meta property=\"og:title\" content=\"Datenschutz-informationen f\u00fcr das Profiling - Zhermack\" \/>\n<meta property=\"og:description\" content=\"[vc_row full_width=&#8220;stretch_row_content_no_spaces&#8220;][vc_column width=&#8220;2\/3&#8243; el_class=&#8220;p-1 p-sm-3 p-lg-4&#8243; offset=&#8220;vc_col-md-offset-2&#8243;][vc_column_text]Der Datenverantwortliche ist Zhermack SpA. Rechtsgrundlage f\u00fcr die Verarbeitung Ihrer personenbezogenen Daten ist die Einwilligung. Die Bereitstellung von Informationen ist freiwillig, wenn Sie jedoch keine Informationen zur Verf\u00fcgung stellen, schr\u00e4nkt dies unsere M\u00f6glichkeiten zum Durchf\u00fchren diese Aktivit\u00e4ten ein. Wir verarbeiten Ihre personenbezogenen Daten nur innerhalb der Zhermack-Organisation oder durch [&hellip;]\" \/>\n<meta property=\"og:url\" content=\"https:\/\/www.zhermack.com\/de\/datenschutzinformationen-fuer-das-profiling\/\" \/>\n<meta property=\"og:site_name\" content=\"Zhermack\" \/>\n<meta property=\"article:modified_time\" content=\"2025-01-14T16:17:12+00:00\" \/>\n<meta property=\"og:image\" content=\"https:\/\/www.zhermack.com\/public\/uploads\/Header_Company.jpg\" \/>\n\t<meta property=\"og:image:width\" content=\"2300\" \/>\n\t<meta property=\"og:image:height\" content=\"400\" \/>\n\t<meta property=\"og:image:type\" content=\"image\/jpeg\" \/>\n<meta name=\"twitter:card\" content=\"summary_large_image\" \/>\n<meta name=\"twitter:label1\" content=\"Gesch\u00e4tzte Lesezeit\" \/>\n\t<meta name=\"twitter:data1\" content=\"2\u00a0Minuten\" \/>\n<script type=\"application\/ld+json\" class=\"yoast-schema-graph\">{\"@context\":\"https:\\\/\\\/schema.org\",\"@graph\":[{\"@type\":\"WebPage\",\"@id\":\"https:\\\/\\\/www.zhermack.com\\\/de\\\/datenschutzinformationen-fuer-das-profiling\\\/\",\"url\":\"https:\\\/\\\/www.zhermack.com\\\/de\\\/datenschutzinformationen-fuer-das-profiling\\\/\",\"name\":\"Datenschutz- informationen f\u00fcr das Profiling - Zhermack\",\"isPartOf\":{\"@id\":\"https:\\\/\\\/www.zhermack.com\\\/de\\\/#website\"},\"datePublished\":\"2023-05-02T15:43:06+00:00\",\"dateModified\":\"2025-01-14T16:17:12+00:00\",\"breadcrumb\":{\"@id\":\"https:\\\/\\\/www.zhermack.com\\\/de\\\/datenschutzinformationen-fuer-das-profiling\\\/#breadcrumb\"},\"inLanguage\":\"de\",\"potentialAction\":[{\"@type\":\"ReadAction\",\"target\":[\"https:\\\/\\\/www.zhermack.com\\\/de\\\/datenschutzinformationen-fuer-das-profiling\\\/\"]}]},{\"@type\":\"BreadcrumbList\",\"@id\":\"https:\\\/\\\/www.zhermack.com\\\/de\\\/datenschutzinformationen-fuer-das-profiling\\\/#breadcrumb\",\"itemListElement\":[{\"@type\":\"ListItem\",\"position\":1,\"name\":\"Home\",\"item\":\"https:\\\/\\\/www.zhermack.com\\\/de\\\/\"},{\"@type\":\"ListItem\",\"position\":2,\"name\":\"Datenschutz-informationen f\u00fcr das Profiling\"}]},{\"@type\":\"WebSite\",\"@id\":\"https:\\\/\\\/www.zhermack.com\\\/de\\\/#website\",\"url\":\"https:\\\/\\\/www.zhermack.com\\\/de\\\/\",\"name\":\"Zhermack\",\"description\":\"\",\"publisher\":{\"@id\":\"https:\\\/\\\/www.zhermack.com\\\/de\\\/#organization\"},\"potentialAction\":[{\"@type\":\"SearchAction\",\"target\":{\"@type\":\"EntryPoint\",\"urlTemplate\":\"https:\\\/\\\/www.zhermack.com\\\/de\\\/?s={search_term_string}\"},\"query-input\":{\"@type\":\"PropertyValueSpecification\",\"valueRequired\":true,\"valueName\":\"search_term_string\"}}],\"inLanguage\":\"de\"},{\"@type\":\"Organization\",\"@id\":\"https:\\\/\\\/www.zhermack.com\\\/de\\\/#organization\",\"name\":\"zhermack\",\"url\":\"https:\\\/\\\/www.zhermack.com\\\/de\\\/\",\"logo\":{\"@type\":\"ImageObject\",\"inLanguage\":\"de\",\"@id\":\"https:\\\/\\\/www.zhermack.com\\\/de\\\/#\\\/schema\\\/logo\\\/image\\\/\",\"url\":\"\\\/public\\\/uploads\\\/logo-1.png\",\"contentUrl\":\"\\\/public\\\/uploads\\\/logo-1.png\",\"width\":284,\"height\":37,\"caption\":\"zhermack\"},\"image\":{\"@id\":\"https:\\\/\\\/www.zhermack.com\\\/de\\\/#\\\/schema\\\/logo\\\/image\\\/\"}}]}<\/script>\n<!-- \/ Yoast SEO plugin. -->","yoast_head_json":{"title":"Datenschutz-informationen f\u00fcr das Profiling - Zhermack","robots":{"index":"index","follow":"follow","max-snippet":"max-snippet:-1","max-image-preview":"max-image-preview:large","max-video-preview":"max-video-preview:-1"},"canonical":"https:\/\/www.zhermack.com\/de\/datenschutzinformationen-fuer-das-profiling\/","og_locale":"de_DE","og_type":"article","og_title":"Datenschutz-informationen f\u00fcr das Profiling - Zhermack","og_description":"[vc_row full_width=&#8220;stretch_row_content_no_spaces&#8220;][vc_column width=&#8220;2\/3&#8243; el_class=&#8220;p-1 p-sm-3 p-lg-4&#8243; offset=&#8220;vc_col-md-offset-2&#8243;][vc_column_text]Der Datenverantwortliche ist Zhermack SpA. Rechtsgrundlage f\u00fcr die Verarbeitung Ihrer personenbezogenen Daten ist die Einwilligung. Die Bereitstellung von Informationen ist freiwillig, wenn Sie jedoch keine Informationen zur Verf\u00fcgung stellen, schr\u00e4nkt dies unsere M\u00f6glichkeiten zum Durchf\u00fchren diese Aktivit\u00e4ten ein. Wir verarbeiten Ihre personenbezogenen Daten nur innerhalb der Zhermack-Organisation oder durch [&hellip;]","og_url":"https:\/\/www.zhermack.com\/de\/datenschutzinformationen-fuer-das-profiling\/","og_site_name":"Zhermack","article_modified_time":"2025-01-14T16:17:12+00:00","og_image":[{"width":2300,"height":400,"url":"https:\/\/www.zhermack.com\/public\/uploads\/Header_Company.jpg","type":"image\/jpeg"}],"twitter_card":"summary_large_image","twitter_misc":{"Gesch\u00e4tzte Lesezeit":"2\u00a0Minuten"},"schema":{"@context":"https:\/\/schema.org","@graph":[{"@type":"WebPage","@id":"https:\/\/www.zhermack.com\/de\/datenschutzinformationen-fuer-das-profiling\/","url":"https:\/\/www.zhermack.com\/de\/datenschutzinformationen-fuer-das-profiling\/","name":"Datenschutz- informationen f\u00fcr das Profiling - Zhermack","isPartOf":{"@id":"https:\/\/www.zhermack.com\/de\/#website"},"datePublished":"2023-05-02T15:43:06+00:00","dateModified":"2025-01-14T16:17:12+00:00","breadcrumb":{"@id":"https:\/\/www.zhermack.com\/de\/datenschutzinformationen-fuer-das-profiling\/#breadcrumb"},"inLanguage":"de","potentialAction":[{"@type":"ReadAction","target":["https:\/\/www.zhermack.com\/de\/datenschutzinformationen-fuer-das-profiling\/"]}]},{"@type":"BreadcrumbList","@id":"https:\/\/www.zhermack.com\/de\/datenschutzinformationen-fuer-das-profiling\/#breadcrumb","itemListElement":[{"@type":"ListItem","position":1,"name":"Home","item":"https:\/\/www.zhermack.com\/de\/"},{"@type":"ListItem","position":2,"name":"Datenschutz-informationen f\u00fcr das Profiling"}]},{"@type":"WebSite","@id":"https:\/\/www.zhermack.com\/de\/#website","url":"https:\/\/www.zhermack.com\/de\/","name":"Zhermack","description":"","publisher":{"@id":"https:\/\/www.zhermack.com\/de\/#organization"},"potentialAction":[{"@type":"SearchAction","target":{"@type":"EntryPoint","urlTemplate":"https:\/\/www.zhermack.com\/de\/?s={search_term_string}"},"query-input":{"@type":"PropertyValueSpecification","valueRequired":true,"valueName":"search_term_string"}}],"inLanguage":"de"},{"@type":"Organization","@id":"https:\/\/www.zhermack.com\/de\/#organization","name":"zhermack","url":"https:\/\/www.zhermack.com\/de\/","logo":{"@type":"ImageObject","inLanguage":"de","@id":"https:\/\/www.zhermack.com\/de\/#\/schema\/logo\/image\/","url":"\/public\/uploads\/logo-1.png","contentUrl":"\/public\/uploads\/logo-1.png","width":284,"height":37,"caption":"zhermack"},"image":{"@id":"https:\/\/www.zhermack.com\/de\/#\/schema\/logo\/image\/"}}]}},"_links":{"self":[{"href":"https:\/\/www.zhermack.com\/de\/wp-json\/wp\/v2\/pages\/44539","targetHints":{"allow":["GET"]}}],"collection":[{"href":"https:\/\/www.zhermack.com\/de\/wp-json\/wp\/v2\/pages"}],"about":[{"href":"https:\/\/www.zhermack.com\/de\/wp-json\/wp\/v2\/types\/page"}],"author":[{"embeddable":true,"href":"https:\/\/www.zhermack.com\/de\/wp-json\/wp\/v2\/users\/1"}],"replies":[{"embeddable":true,"href":"https:\/\/www.zhermack.com\/de\/wp-json\/wp\/v2\/comments?post=44539"}],"version-history":[{"count":0,"href":"https:\/\/www.zhermack.com\/de\/wp-json\/wp\/v2\/pages\/44539\/revisions"}],"wp:attachment":[{"href":"https:\/\/www.zhermack.com\/de\/wp-json\/wp\/v2\/media?parent=44539"}],"curies":[{"name":"wp","href":"https:\/\/api.w.org\/{rel}","templated":true}]}}