{"id":14269,"date":"2017-04-06T11:19:32","date_gmt":"2017-04-06T09:19:32","guid":{"rendered":"https:\/\/www.zhermack.com\/home-page\/"},"modified":"2026-03-31T12:44:34","modified_gmt":"2026-03-31T10:44:34","slug":"home-page","status":"publish","type":"page","link":"https:\/\/www.zhermack.com\/de\/","title":{"rendered":"Home page"},"content":{"rendered":"<div class=\"wpb-content-wrapper\"><p>[vc_row full_width=&#8220;stretch_row_content_no_spaces&#8220; css=&#8220;.vc_custom_1498491953712{padding-top: 1em !important;padding-bottom: 1em !important;}&#8220;][vc_column el_class=&#8220;container&#8220;][vc_row_inner css=&#8220;.vc_custom_1701704584592{padding-right: 2rem !important;padding-left: 2rem !important;}&#8220;][vc_column_inner width=&#8220;1\/2&#8243; offset=&#8220;vc_col-sm-offset-3&#8243;][vc_column_text css=&#8220;&#8220;]<\/p>\n<h1 class=\"h2\" style=\"text-align: center;\">Die Zhermack-Welt<\/h1>\n<p class=\"subtitle\" style=\"text-align: center;\">Wir bieten Materialien und L\u00f6sungen f\u00fcr den Dental- und Industriebereich sowie f\u00fcr das Wohlbefinden.<\/p>\n<p style=\"text-align: center;\">Wir sind seit \u00fcber 35 Jahren einer der f\u00fchrenden Entwickler, Hersteller und Vertreiber von <strong>Alginaten, Gipsen und hochtechnologischen Silikonen<\/strong> <strong>sowohl f\u00fcr den Dentalbereich<\/strong>, als auch mit einer breiten und vollst\u00e4ndigen Produktpalette f\u00fcr den Industriebereich und der Welt des Wohlbefindens.<\/p>\n<p style=\"text-align: center;\">Dentalbedarf, Industrie, Wellbeing: Das sind unsere <strong>drei Divisionen<\/strong> um jegliche Marktanspr\u00fcche mit ausgezeichneten und qualitativ \u00e4u\u00dferst hochwertigen L\u00f6sungen zu \u00fcbertreffen. Zhermack wurde 1981 in Italien gegr\u00fcndet und hat hinaus verf\u00fcgen wir \u00fcber Vertretungen in zahlreichen L\u00e4ndern weltweit.<\/p>\n<p style=\"text-align: center;\"><a class=\"btn btn-lg btn-primary my-1\" href=\"https:\/\/www.zhermack.com\/de\/ueber-uns\/\">Unser Unternehmen<\/a><\/p>\n<p>[\/vc_column_text][\/vc_column_inner][\/vc_row_inner][\/vc_column][\/vc_row][vc_row full_width=&#8220;stretch_row_content_no_spaces&#8220; css=&#8220;.vc_custom_1498491959796{padding-top: 1em !important;padding-right: 3em !important;padding-bottom: 1em !important;padding-left: 3em !important;background-color: #f9f9f9 !important;}&#8220;][vc_column el_class=&#8220;container-fluid&#8220;][vc_column_text]<\/p>\n<h2 style=\"text-align: center;\">Drei Bereiche \u2013 Eine Vision<\/h2>\n<p style=\"text-align: center;\">Unser Anspruch ist es, erstklassige L\u00f6sungen in den Bereichen Dental, Industrie, Kosmetik und K\u00f6rperpflege anzubieten.<\/p>\n<p>[\/vc_column_text][vc_row_inner css=&#8220;.vc_custom_1493393449863{margin-top: 2em !important;margin-bottom: 2em !important;}&#8220;][vc_column_inner el_class=&#8220;px-md-2 full-box&#8220; width=&#8220;1\/3&#8243;][vc_column_text]<div class=\"full-box\" style=\"background-color:#E3022E\">\r\n\t\t\t\t\t\t<img decoding=\"async\" data-src=\"\/public\/uploads\/Dental_Division_1.jpg\" class=\"img-responsive center-block w100 lazyload\" src=\"data:image\/svg+xml;base64,PHN2ZyB3aWR0aD0iMSIgaGVpZ2h0PSIxIiB4bWxucz0iaHR0cDovL3d3dy53My5vcmcvMjAwMC9zdmciPjwvc3ZnPg==\">\r\n\t\t\t\t\t\t<div class=\"full-box-content\">\r\n\t\t\t\t\t\t\t<h3>L\u00f6sungen und Technologien f\u00fcr den Dentalbedarf<\/h3>\r\n\t\t\t\t\t\t\t<div class=\"separator separator-white\"><\/div>\r\n\t\t\t\t\t\t\t<p>Breite Produktpalette an Materialien, Systemen und L\u00f6sungen f\u00fcr Zahnarztpraxen und Dentallabore.<\/p>\r\n\t\t\t\t\t\t\t<a href=\"https:\/\/www.zhermack.com\/de\/product_category\/dental-de\/\" class=\"btn btn-primary outlinew btn-lg my-1\">Mehr dazu<\/a>\r\n\t\t\t\t\t\t<\/div>\r\n\t\t\t\t\t<\/div>[\/vc_column_text][\/vc_column_inner][vc_column_inner el_class=&#8220;px-md-2 full-box&#8220; width=&#8220;1\/3&#8243;][vc_column_text]<div class=\"full-box\" style=\"background-color:#4eb0cc\">\r\n\t\t\t\t\t\t<img decoding=\"async\" data-src=\"\/public\/uploads\/Industrial_Division_1.jpg\" class=\"img-responsive center-block w100 lazyload\" src=\"data:image\/svg+xml;base64,PHN2ZyB3aWR0aD0iMSIgaGVpZ2h0PSIxIiB4bWxucz0iaHR0cDovL3d3dy53My5vcmcvMjAwMC9zdmciPjwvc3ZnPg==\">\r\n\t\t\t\t\t\t<div class=\"full-box-content\">\r\n\t\t\t\t\t\t\t<h3>L\u00f6sungen und Technologien f\u00fcr die Industrie<\/h3>\r\n\t\t\t\t\t\t\t<div class=\"separator separator-white\"><\/div>\r\n\t\t\t\t\t\t\t<p>Bedingt durch unsere Expertise, bieten wir hochqualitative L\u00f6sungen f\u00fcr Formenherstellung, Body-Casting, Prototypierung und im Bereich der Spezialeffekte f\u00fcr die Filmindustrie.<\/p>\r\n\t\t\t\t\t\t\t<a href=\"https:\/\/www.zhermack.com\/de\/product_category\/industrie-de\/\" class=\"btn btn-primary outlinew btn-lg my-1\">Mehr dazu<\/a>\r\n\t\t\t\t\t\t<\/div>\r\n\t\t\t\t\t<\/div>[\/vc_column_text][\/vc_column_inner][vc_column_inner el_class=&#8220;px-md-2 full-box&#8220; width=&#8220;1\/3&#8243;][vc_column_text]<div class=\"full-box\" style=\"background-color:#9c6\">\r\n\t\t\t\t\t\t<img decoding=\"async\" data-src=\"\/public\/uploads\/Img_Maschera_Wellbeing_21-03_660x350.jpg\" class=\"img-responsive center-block w100 lazyload\" src=\"data:image\/svg+xml;base64,PHN2ZyB3aWR0aD0iMSIgaGVpZ2h0PSIxIiB4bWxucz0iaHR0cDovL3d3dy53My5vcmcvMjAwMC9zdmciPjwvc3ZnPg==\">\r\n\t\t\t\t\t\t<div class=\"full-box-content\">\r\n\t\t\t\t\t\t\t<h3>L\u00f6sungen und Technologien f\u00fcr den Wellnessbereich<\/h3>\r\n\t\t\t\t\t\t\t<div class=\"separator separator-white\"><\/div>\r\n\t\t\t\t\t\t\t<p>Wir entwickeln den Wellnessbereich weiter mit unseren Materialien f\u00fcr Kosmetika, Otologie und Podologie.<\/p>\r\n\t\t\t\t\t\t\t<a href=\"https:\/\/www.zhermack.com\/de\/product_category\/wellbeing-de\/\" class=\"btn btn-primary outlinew btn-lg my-1\">Mehr dazu<\/a>\r\n\t\t\t\t\t\t<\/div>\r\n\t\t\t\t\t<\/div>[\/vc_column_text][\/vc_column_inner][\/vc_row_inner][vc_row_inner equal_height=&#8220;yes&#8220; css=&#8220;.vc_custom_1500546217268{margin-top: 2em !important;margin-bottom: 2em !important;}&#8220;][vc_column_inner offset=&#8220;vc_col-md-offset-4 vc_col-md-4&#8243;][vc_wp_search title=&#8220;Suchen&#8220; el_class=&#8220;text-center&#8220;][\/vc_column_inner][\/vc_row_inner][\/vc_column][\/vc_row][vc_row full_width=&#8220;stretch_row_content_no_spaces&#8220; content_placement=&#8220;middle&#8220; el_class=&#8220;cta text-center&#8220;][vc_column][vc_column_text]<\/p>\n<h3>Fordern Sie jetzt Ihren Produktkatalog an und erhalten Sie weitere Informationen \u00fcber unsere Produkte.<\/h3>\n<p><a class=\"btn btn-lg btn-primary\" href=\"https:\/\/www.zhermack.com\/de\/kontakte\/\">Kontakt<\/a>[\/vc_column_text][\/vc_column][\/vc_row][vc_row equal_height=&#8220;yes&#8220; content_placement=&#8220;middle&#8220;][vc_column width=&#8220;1\/2&#8243;][vc_column_text css=&#8220;.vc_custom_1733236014774{padding-top: 3em !important;padding-right: 3em !important;padding-bottom: 3em !important;padding-left: 3em !important;}&#8220;]<\/p>\n<h2><strong>Zedu HUB: Zhermacks Repository mit Bildungsinhalten<\/strong><\/h2>\n<p>Lernen Sie unser Fortbildungsportal kennen, das von Zhermack f\u00fcr Zahn\u00e4rzte entwickelt wurde. Besuchen Sie die Website, registrieren Sie sich dann kostenlos und erleben Sie eine umfassende Erfahrung! Sie finden Webinare, klinische F\u00e4lle, Artikel, E-Books, Verfahrensvideos und vieles mehr.<\/p>\n<p><a class=\"btn btn-lg btn-primary outline my-1\" href=\"https:\/\/educational-hub.zhermack.com\/\" target=\"_blank\" rel=\"noopener\">Jetzt entdecken!<\/a>[\/vc_column_text][\/vc_column][vc_column width=&#8220;1\/2&#8243; css=&#8220;.vc_custom_1712159280544{margin-top: 0px !important;margin-right: 0px !important;margin-bottom: 0px !important;margin-left: 0px !important;padding-top: 0px !important;padding-right: 0px !important;padding-bottom: 0px !important;padding-left: 0px !important;}&#8220;][vc_single_image image=&#8220;47925&#8243; img_size=&#8220;full&#8220; alignment=&#8220;center&#8220;][\/vc_column][\/vc_row][vc_row equal_height=&#8220;yes&#8220; content_placement=&#8220;middle&#8220;][vc_column width=&#8220;1\/2&#8243; css=&#8220;.vc_custom_1712160068416{margin-top: 0px !important;margin-right: 0px !important;margin-bottom: 0px !important;margin-left: 0px !important;padding-top: 0px !important;padding-right: 0px !important;padding-bottom: 0px !important;padding-left: 0px !important;}&#8220; el_class=&#8220;order-2 order-md-1&#8243;][vc_single_image image=&#8220;51558&#8243; img_size=&#8220;full&#8220; alignment=&#8220;center&#8220;][\/vc_column][vc_column width=&#8220;1\/2&#8243; el_class=&#8220;order-1 order-md-2&#8243;][vc_column_text css=&#8220;.vc_custom_1774945039684{padding-top: 3em !important;padding-right: 3em !important;padding-bottom: 3em !important;padding-left: 3em !important;}&#8220;]<\/p>\n<h2><strong>Tauchen Sie ein in die Webinarwelt von Zhermack!<\/strong><\/h2>\n<p>Wenn Sie Ihre Ausbildung dank wertvoller <strong>Webinare<\/strong> zu den neuesten Trends in der Zahnmedizin verbessern m\u00f6chten, ist <strong>Zhermack Educational HUB<\/strong><\/p>\n<p>Haben Sie vergangene Veranstaltungen verpasst? Keine Sorge!<\/p>\n<p>Der Bereich \u201eWebinare\u201c auf Zedu HUB ist der Ort, an dem Sie alle <strong>Aufzeichnungen<\/strong> der virtuellen Veranstaltungen abrufen k\u00f6nnen. Jederzeit. \u00dcberall. Mit jedem Ger\u00e4t.<\/p>\n<p><a class=\"btn btn-lg btn-primary outline my-1\" href=\"https:\/\/educational-hub.zhermack.com\/webinars\" target=\"_blank\" rel=\"noopener\">Jetzt entdecken!<\/a>[\/vc_column_text][\/vc_column][\/vc_row][vc_row equal_height=&#8220;yes&#8220; content_placement=&#8220;middle&#8220;][vc_column width=&#8220;1\/2&#8243;][vc_column_text css=&#8220;.vc_custom_1774953847048{padding-top: 3em !important;padding-right: 3em !important;padding-bottom: 3em !important;padding-left: 3em !important;}&#8220;]<\/p>\n<h2>Internationales Webinar-Programm 2026<\/h2>\n<p>Ein neues Webinar-Programm von Zhermack International startet in K\u00fcrze f\u00fcr alle Zahn\u00e4rzte, die ihre klinischen Kenntnisse erweitern m\u00f6chten!<\/p>\n<p>Verpassen Sie also nicht unsere kostenlosen Online-Veranstaltungen im Jahr 2026!<\/p>\n<p><a href=\"https:\/\/educational-hub.zhermack.com\/webinars?filters%5B%5D=Upcoming+Live+Webinars\" target=\"_blank\" rel=\"noopener\">Hier registrieren<\/a><\/p>\n<p>[\/vc_column_text][\/vc_column][vc_column width=&#8220;1\/2&#8243; css=&#8220;.vc_custom_1712160042227{margin-top: 0px !important;margin-right: 0px !important;margin-bottom: 0px !important;margin-left: 0px !important;padding-top: 0px !important;padding-right: 0px !important;padding-bottom: 0px !important;padding-left: 0px !important;}&#8220;][vc_single_image image=&#8220;53973&#8243; img_size=&#8220;full&#8220; alignment=&#8220;center&#8220; css=&#8220;&#8220;][\/vc_column][\/vc_row][vc_row equal_height=&#8220;yes&#8220; content_placement=&#8220;middle&#8220;][vc_column width=&#8220;1\/2&#8243; css=&#8220;.vc_custom_1712160068416{margin-top: 0px !important;margin-right: 0px !important;margin-bottom: 0px !important;margin-left: 0px !important;padding-top: 0px !important;padding-right: 0px !important;padding-bottom: 0px !important;padding-left: 0px !important;}&#8220; el_class=&#8220;order-2 order-md-1&#8243;][vc_single_image image=&#8220;47647&#8243; img_size=&#8220;full&#8220; alignment=&#8220;center&#8220; css=&#8220;&#8220;][\/vc_column][vc_column width=&#8220;1\/2&#8243; el_class=&#8220;order-1 order-md-2&#8243;][vc_column_text css=&#8220;.vc_custom_1756904402237{padding-top: 3em !important;padding-right: 3em !important;padding-bottom: 3em !important;padding-left: 3em !important;}&#8220;]<\/p>\n<h2>Einen Zahnabdruck machen \u2013 H\u00e4ufig gestellte Fragen<\/h2>\n<p>Antworten auf h\u00e4ufig gestellte Fragen zur richtigen Abformtechnik. Dosierung, Mischung, Vertr\u00e4glichkeit und Desinfektion von Materialien.<\/p>\n<p><a class=\"btn btn-lg btn-primary outline my-1\" href=\"https:\/\/www.zhermack.com\/de\/einen-zahnabdruck-machen-haeufig-gestellte-fragen\/\">Jetzt entdecken!<\/a><\/p>\n<p>[\/vc_column_text][\/vc_column][\/vc_row]<\/p>\n<\/div>","protected":false},"excerpt":{"rendered":"<p>[vc_row full_width=&#8220;stretch_row_content_no_spaces&#8220; css=&#8220;.vc_custom_1498491953712{padding-top: 1em !important;padding-bottom: 1em !important;}&#8220;][vc_column el_class=&#8220;container&#8220;][vc_row_inner css=&#8220;.vc_custom_1701704584592{padding-right: 2rem !important;padding-left: 2rem !important;}&#8220;][vc_column_inner width=&#8220;1\/2&#8243; offset=&#8220;vc_col-sm-offset-3&#8243;][vc_column_text css=&#8220;&#8220;] Die Zhermack-Welt Wir bieten Materialien und L\u00f6sungen f\u00fcr den Dental- und Industriebereich sowie f\u00fcr das Wohlbefinden. Wir sind seit \u00fcber 35 Jahren einer der f\u00fchrenden Entwickler, Hersteller und Vertreiber von Alginaten, Gipsen und hochtechnologischen Silikonen sowohl f\u00fcr den Dentalbereich, [&hellip;]<\/p>\n","protected":false},"author":1,"featured_media":0,"parent":0,"menu_order":18,"comment_status":"closed","ping_status":"closed","template":"front-page.php","meta":{"_acf_changed":false,"footnotes":""},"class_list":["post-14269","page","type-page","status-publish","hentry"],"acf":[],"yoast_head":"<!-- This site is optimized with the Yoast SEO plugin v27.1.1 - https:\/\/yoast.com\/product\/yoast-seo-wordpress\/ -->\n<title>Material &amp; L\u00f6sungen - Dental | Industrie | Wellness - Zhermack<\/title>\n<meta name=\"description\" content=\"Zhermack - f\u00fchrender Hersteller &amp; Vertreiber von Alginaten, Gipsen und Silikonen sowie Produktpaletten f\u00fcr diverse Industrien und Wellnessbereich.\" \/>\n<meta name=\"robots\" content=\"index, follow, max-snippet:-1, max-image-preview:large, max-video-preview:-1\" \/>\n<link rel=\"canonical\" href=\"https:\/\/www.zhermack.com\/de\/\" \/>\n<meta property=\"og:locale\" content=\"de_DE\" \/>\n<meta property=\"og:type\" content=\"article\" \/>\n<meta property=\"og:title\" content=\"Material &amp; L\u00f6sungen - Dental | Industrie | Wellness - Zhermack\" \/>\n<meta property=\"og:description\" content=\"Zhermack - f\u00fchrender Hersteller &amp; Vertreiber von Alginaten, Gipsen und Silikonen sowie Produktpaletten f\u00fcr diverse Industrien und Wellnessbereich.\" \/>\n<meta property=\"og:url\" content=\"https:\/\/www.zhermack.com\/de\/\" \/>\n<meta property=\"og:site_name\" content=\"Zhermack\" \/>\n<meta property=\"article:modified_time\" content=\"2026-03-31T10:44:34+00:00\" \/>\n<meta property=\"og:image\" content=\"https:\/\/www.zhermack.com\/public\/uploads\/Header_Company.jpg\" \/>\n\t<meta property=\"og:image:width\" content=\"2300\" \/>\n\t<meta property=\"og:image:height\" content=\"400\" \/>\n\t<meta property=\"og:image:type\" content=\"image\/jpeg\" \/>\n<meta name=\"twitter:card\" content=\"summary_large_image\" \/>\n<meta name=\"twitter:label1\" content=\"Gesch\u00e4tzte Lesezeit\" \/>\n\t<meta name=\"twitter:data1\" content=\"4\u00a0Minuten\" \/>\n<script type=\"application\/ld+json\" class=\"yoast-schema-graph\">{\"@context\":\"https:\/\/schema.org\",\"@graph\":[{\"@type\":\"WebPage\",\"@id\":\"https:\/\/www.zhermack.com\/de\/\",\"url\":\"https:\/\/www.zhermack.com\/de\/\",\"name\":\"Material & L\u00f6sungen - Dental | Industrie | Wellness - Zhermack\",\"isPartOf\":{\"@id\":\"https:\/\/www.zhermack.com\/de\/#website\"},\"datePublished\":\"2017-04-06T09:19:32+00:00\",\"dateModified\":\"2026-03-31T10:44:34+00:00\",\"description\":\"Zhermack - f\u00fchrender Hersteller & Vertreiber von Alginaten, Gipsen und Silikonen sowie Produktpaletten f\u00fcr diverse Industrien und Wellnessbereich.\",\"breadcrumb\":{\"@id\":\"https:\/\/www.zhermack.com\/de\/#breadcrumb\"},\"inLanguage\":\"de\",\"potentialAction\":[{\"@type\":\"ReadAction\",\"target\":[\"https:\/\/www.zhermack.com\/de\/\"]}]},{\"@type\":\"BreadcrumbList\",\"@id\":\"https:\/\/www.zhermack.com\/de\/#breadcrumb\",\"itemListElement\":[{\"@type\":\"ListItem\",\"position\":1,\"name\":\"Home\",\"item\":\"https:\/\/www.zhermack.com\/de\/\"},{\"@type\":\"ListItem\",\"position\":2,\"name\":\"Home page\"}]},{\"@type\":\"WebSite\",\"@id\":\"https:\/\/www.zhermack.com\/de\/#website\",\"url\":\"https:\/\/www.zhermack.com\/de\/\",\"name\":\"Zhermack\",\"description\":\"\",\"publisher\":{\"@id\":\"https:\/\/www.zhermack.com\/de\/#organization\"},\"potentialAction\":[{\"@type\":\"SearchAction\",\"target\":{\"@type\":\"EntryPoint\",\"urlTemplate\":\"https:\/\/www.zhermack.com\/de\/?s={search_term_string}\"},\"query-input\":{\"@type\":\"PropertyValueSpecification\",\"valueRequired\":true,\"valueName\":\"search_term_string\"}}],\"inLanguage\":\"de\"},{\"@type\":\"Organization\",\"@id\":\"https:\/\/www.zhermack.com\/de\/#organization\",\"name\":\"zhermack\",\"url\":\"https:\/\/www.zhermack.com\/de\/\",\"logo\":{\"@type\":\"ImageObject\",\"inLanguage\":\"de\",\"@id\":\"https:\/\/www.zhermack.com\/de\/#\/schema\/logo\/image\/\",\"url\":\"\/public\/uploads\/logo-1.png\",\"contentUrl\":\"\/public\/uploads\/logo-1.png\",\"width\":284,\"height\":37,\"caption\":\"zhermack\"},\"image\":{\"@id\":\"https:\/\/www.zhermack.com\/de\/#\/schema\/logo\/image\/\"}}]}<\/script>\n<!-- \/ Yoast SEO plugin. -->","yoast_head_json":{"title":"Material & L\u00f6sungen - Dental | Industrie | Wellness - Zhermack","description":"Zhermack - f\u00fchrender Hersteller & Vertreiber von Alginaten, Gipsen und Silikonen sowie Produktpaletten f\u00fcr diverse Industrien und Wellnessbereich.","robots":{"index":"index","follow":"follow","max-snippet":"max-snippet:-1","max-image-preview":"max-image-preview:large","max-video-preview":"max-video-preview:-1"},"canonical":"https:\/\/www.zhermack.com\/de\/","og_locale":"de_DE","og_type":"article","og_title":"Material & L\u00f6sungen - Dental | Industrie | Wellness - Zhermack","og_description":"Zhermack - f\u00fchrender Hersteller & Vertreiber von Alginaten, Gipsen und Silikonen sowie Produktpaletten f\u00fcr diverse Industrien und Wellnessbereich.","og_url":"https:\/\/www.zhermack.com\/de\/","og_site_name":"Zhermack","article_modified_time":"2026-03-31T10:44:34+00:00","og_image":[{"width":2300,"height":400,"url":"https:\/\/www.zhermack.com\/public\/uploads\/Header_Company.jpg","type":"image\/jpeg"}],"twitter_card":"summary_large_image","twitter_misc":{"Gesch\u00e4tzte Lesezeit":"4\u00a0Minuten"},"schema":{"@context":"https:\/\/schema.org","@graph":[{"@type":"WebPage","@id":"https:\/\/www.zhermack.com\/de\/","url":"https:\/\/www.zhermack.com\/de\/","name":"Material & L\u00f6sungen - Dental | Industrie | Wellness - Zhermack","isPartOf":{"@id":"https:\/\/www.zhermack.com\/de\/#website"},"datePublished":"2017-04-06T09:19:32+00:00","dateModified":"2026-03-31T10:44:34+00:00","description":"Zhermack - f\u00fchrender Hersteller & Vertreiber von Alginaten, Gipsen und Silikonen sowie Produktpaletten f\u00fcr diverse Industrien und Wellnessbereich.","breadcrumb":{"@id":"https:\/\/www.zhermack.com\/de\/#breadcrumb"},"inLanguage":"de","potentialAction":[{"@type":"ReadAction","target":["https:\/\/www.zhermack.com\/de\/"]}]},{"@type":"BreadcrumbList","@id":"https:\/\/www.zhermack.com\/de\/#breadcrumb","itemListElement":[{"@type":"ListItem","position":1,"name":"Home","item":"https:\/\/www.zhermack.com\/de\/"},{"@type":"ListItem","position":2,"name":"Home page"}]},{"@type":"WebSite","@id":"https:\/\/www.zhermack.com\/de\/#website","url":"https:\/\/www.zhermack.com\/de\/","name":"Zhermack","description":"","publisher":{"@id":"https:\/\/www.zhermack.com\/de\/#organization"},"potentialAction":[{"@type":"SearchAction","target":{"@type":"EntryPoint","urlTemplate":"https:\/\/www.zhermack.com\/de\/?s={search_term_string}"},"query-input":{"@type":"PropertyValueSpecification","valueRequired":true,"valueName":"search_term_string"}}],"inLanguage":"de"},{"@type":"Organization","@id":"https:\/\/www.zhermack.com\/de\/#organization","name":"zhermack","url":"https:\/\/www.zhermack.com\/de\/","logo":{"@type":"ImageObject","inLanguage":"de","@id":"https:\/\/www.zhermack.com\/de\/#\/schema\/logo\/image\/","url":"\/public\/uploads\/logo-1.png","contentUrl":"\/public\/uploads\/logo-1.png","width":284,"height":37,"caption":"zhermack"},"image":{"@id":"https:\/\/www.zhermack.com\/de\/#\/schema\/logo\/image\/"}}]}},"_links":{"self":[{"href":"https:\/\/www.zhermack.com\/de\/wp-json\/wp\/v2\/pages\/14269","targetHints":{"allow":["GET"]}}],"collection":[{"href":"https:\/\/www.zhermack.com\/de\/wp-json\/wp\/v2\/pages"}],"about":[{"href":"https:\/\/www.zhermack.com\/de\/wp-json\/wp\/v2\/types\/page"}],"author":[{"embeddable":true,"href":"https:\/\/www.zhermack.com\/de\/wp-json\/wp\/v2\/users\/1"}],"replies":[{"embeddable":true,"href":"https:\/\/www.zhermack.com\/de\/wp-json\/wp\/v2\/comments?post=14269"}],"version-history":[{"count":10,"href":"https:\/\/www.zhermack.com\/de\/wp-json\/wp\/v2\/pages\/14269\/revisions"}],"predecessor-version":[{"id":54009,"href":"https:\/\/www.zhermack.com\/de\/wp-json\/wp\/v2\/pages\/14269\/revisions\/54009"}],"wp:attachment":[{"href":"https:\/\/www.zhermack.com\/de\/wp-json\/wp\/v2\/media?parent=14269"}],"curies":[{"name":"wp","href":"https:\/\/api.w.org\/{rel}","templated":true}]}}