{"id":46227,"date":"2017-04-06T11:19:32","date_gmt":"2017-04-06T09:19:32","guid":{"rendered":"https:\/\/www.zhermack.com\/home-page\/"},"modified":"2026-05-04T12:10:54","modified_gmt":"2026-05-04T10:10:54","slug":"home-page","status":"publish","type":"page","link":"https:\/\/www.zhermack.com\/br\/","title":{"rendered":"Home page"},"content":{"rendered":"<div class=\"wpb-content-wrapper\"><p>[vc_row full_width=&#8221;stretch_row_content_no_spaces&#8221; css=&#8221;.vc_custom_1498491953712{padding-top: 1em !important;padding-bottom: 1em !important;}&#8221;][vc_column el_class=&#8221;container&#8221;][vc_row_inner css=&#8221;.vc_custom_1701704681387{padding-right: 2rem !important;padding-left: 2rem !important;}&#8221;][vc_column_inner width=&#8221;1\/2&#8243; offset=&#8221;vc_col-sm-offset-3&#8243;][vc_column_text css=&#8221;&#8221;]<\/p>\n<h1 class=\"h2\" style=\"text-align: center;\">Mundo Zhermack<\/h1>\n<p style=\"text-align: center;\">Os melhores materiais e solu\u00e7\u00f5es para moldagens e restaura\u00e7\u00f5es tempor\u00e1rias.<\/p>\n<p style=\"text-align: center;\">A Zhermack \u00e9 a maior e mais importante produtora e distribuidora de materiais como: <strong>alginatos, gessos e f\u00f3rmulas de silicone<\/strong> para o setor odontol\u00f3gico h\u00e1 mais de 45 anos.<\/p>\n<p style=\"text-align: center;\">Dental, Industrial, Bem Estar: <strong>tr\u00eas divis\u00f5es<\/strong>, para atender o mercado com solu\u00e7\u00f5es de excel\u00eancia. Fundada na It\u00e1lia em 1981, a empresa tem uma filial na Alemanha e representantes locais em muitos pa\u00edses e colabora com uma rede de mais de 1000 distribuidores e revendedores.<\/p>\n<p style=\"text-align: center;\"><a class=\"btn btn-lg btn-primary my-1\" href=\"https:\/\/www.zhermack.com\/br\/company\/\">Nossa empresa<\/a><\/p>\n<p>[\/vc_column_text][\/vc_column_inner][\/vc_row_inner][\/vc_column][\/vc_row][vc_row full_width=&#8221;stretch_row_content_no_spaces&#8221; css=&#8221;.vc_custom_1498491959796{padding-top: 1em !important;padding-right: 3em !important;padding-bottom: 1em !important;padding-left: 3em !important;background-color: #f9f9f9 !important;}&#8221;][vc_column el_class=&#8221;container-fluid&#8221;][vc_column_text]<\/p>\n<h2 style=\"text-align: center;\">Produtos que v\u00e3o al\u00e9m<\/h2>\n<p style=\"text-align: center;\">Solu\u00e7\u00f5es excelentes para a cl\u00ednica ou laborat\u00f3rio<\/p>\n<p>[\/vc_column_text][vc_row_inner css=&#8221;.vc_custom_1493393449863{margin-top: 2em !important;margin-bottom: 2em !important;}&#8221;][vc_column_inner el_class=&#8221;px-md-2 full-box&#8221; width=&#8221;5\/12&#8243; offset=&#8221;vc_col-lg-offset-1 vc_col-lg-4 vc_col-md-offset-1 vc_col-md-5 vc_col-sm-offset-1 vc_col-xs-offset-2 vc_col-xs-8&#8243;][vc_column_text]<div class=\"full-box\" style=\"background-color:#E3022E\">\r\n\t\t\t\t\t\t<img decoding=\"async\" src=\"\/public\/uploads\/Header_Clinical-01.jpg\" class=\"img-responsive center-block w100\">\r\n\t\t\t\t\t\t<div class=\"full-box-content\">\r\n\t\t\t\t\t\t\t<h3>Solu\u00e7\u00f5es para sua cl\u00ednica<\/h3>\r\n\t\t\t\t\t\t\t<div class=\"separator separator-white\"><\/div>\r\n\t\t\t\t\t\t\t<p>In\u00fameras op\u00e7\u00f5es para uma moldagem de sucesso<\/p>\r\n\t\t\t\t\t\t\t<a href=\"https:\/\/www.zhermack.com\/br\/product_category\/dental-br\/consultorio-br\/\" class=\"btn btn-primary outlinew btn-lg my-1\">Saiba mais<\/a>\r\n\t\t\t\t\t\t<\/div>\r\n\t\t\t\t\t<\/div>[\/vc_column_text][\/vc_column_inner][vc_column_inner el_class=&#8221;px-md-2 full-box&#8221; width=&#8221;5\/12&#8243; offset=&#8221;vc_col-lg-offset-2 vc_col-lg-4 vc_col-md-offset-0 vc_col-md-5 vc_col-sm-offset-0 vc_col-xs-offset-2 vc_col-xs-8&#8243;][vc_column_text]<div class=\"full-box\" style=\"background-color:#4eb0cc\">\r\n\t\t\t\t\t\t<img decoding=\"async\" src=\"\/public\/uploads\/Header_Technical-01.jpg\" class=\"img-responsive center-block w100\">\r\n\t\t\t\t\t\t<div class=\"full-box-content\">\r\n\t\t\t\t\t\t\t<h3>Solu\u00e7\u00f5es para seu laborat\u00f3rio<\/h3>\r\n\t\t\t\t\t\t\t<div class=\"separator separator-white\"><\/div>\r\n\t\t\t\t\t\t\t<p>Formula\u00e7\u00f5es de sucesso para o melhor resultado<\/p>\r\n\t\t\t\t\t\t\t<a href=\"https:\/\/www.zhermack.com\/br\/product_category\/dental-br\/laboratorio-dental-br\/\" class=\"btn btn-primary outlinew btn-lg my-1\">Saiba mais<\/a>\r\n\t\t\t\t\t\t<\/div>\r\n\t\t\t\t\t<\/div>[\/vc_column_text][\/vc_column_inner][\/vc_row_inner][vc_row_inner disable_element=&#8221;yes&#8221; css=&#8221;.vc_custom_1704721844039{margin-top: 2em !important;margin-bottom: 2em !important;}&#8221;][vc_column_inner el_class=&#8221;px-md-2 full-box&#8221; width=&#8221;1\/3&#8243;][vc_column_text]<div class=\"full-box\" style=\"background-color:#E3022E\">\r\n\t\t\t\t\t\t<img decoding=\"async\" src=\"\/public\/uploads\/Dental_Division_1.jpg\" class=\"img-responsive center-block w100\">\r\n\t\t\t\t\t\t<div class=\"full-box-content\">\r\n\t\t\t\t\t\t\t<h3>Soluzioni per il Dentale<\/h3>\r\n\t\t\t\t\t\t\t<div class=\"separator separator-white\"><\/div>\r\n\t\t\t\t\t\t\t<p>Ampia gamma di materiali e soluzioni per studi dentistici e laboratori odontotecnici.<\/p>\r\n\t\t\t\t\t\t\t<a href=\"https:\/\/www.zhermack.com\/it\/product_category\/dental-it\/\" class=\"btn btn-primary outlinew btn-lg my-1\">Scopri di pi\u00f9<\/a>\r\n\t\t\t\t\t\t<\/div>\r\n\t\t\t\t\t<\/div>[\/vc_column_text][\/vc_column_inner][vc_column_inner el_class=&#8221;px-md-2 full-box&#8221; width=&#8221;1\/3&#8243;][vc_column_text]<div class=\"full-box\" style=\"background-color:#4eb0cc\">\r\n\t\t\t\t\t\t<img decoding=\"async\" src=\"\/public\/uploads\/Industrial_Division_1.jpg\" class=\"img-responsive center-block w100\">\r\n\t\t\t\t\t\t<div class=\"full-box-content\">\r\n\t\t\t\t\t\t\t<h3>Soluzioni per l'Industria<\/h3>\r\n\t\t\t\t\t\t\t<div class=\"separator separator-white\"><\/div>\r\n\t\t\t\t\t\t\t<p>Soluzioni per il settore industriale, dagli stampi al body casting, dalla prototipazione agli effetti speciali.<\/p>\r\n\t\t\t\t\t\t\t<a href=\"https:\/\/www.zhermack.com\/it\/product_category\/industrial-it\/\" class=\"btn btn-primary outlinew btn-lg my-1\">Scopri di pi\u00f9<\/a>\r\n\t\t\t\t\t\t<\/div>\r\n\t\t\t\t\t<\/div>[\/vc_column_text][\/vc_column_inner][vc_column_inner el_class=&#8221;px-md-2 full-box&#8221; width=&#8221;1\/3&#8243;][vc_column_text]<div class=\"full-box\" style=\"background-color:#9c6\">\r\n\t\t\t\t\t\t<img decoding=\"async\" src=\"\/public\/uploads\/Img_Maschera_Wellbeing_21-03_660x350.jpg\" class=\"img-responsive center-block w100\">\r\n\t\t\t\t\t\t<div class=\"full-box-content\">\r\n\t\t\t\t\t\t\t<h3>Soluzioni per il Benessere<\/h3>\r\n\t\t\t\t\t\t\t<div class=\"separator separator-white\"><\/div>\r\n\t\t\t\t\t\t\t<p>Materiali per il mondo del benessere della persona, dalla cosmesi fino alla podologia e all'otologia. <\/p>\r\n\t\t\t\t\t\t\t<a href=\"https:\/\/www.zhermack.com\/it\/product_category\/wellbeing-it\/\" class=\"btn btn-primary outlinew btn-lg my-1\">Scopri di pi\u00f9<\/a>\r\n\t\t\t\t\t\t<\/div>\r\n\t\t\t\t\t<\/div>[\/vc_column_text][\/vc_column_inner][\/vc_row_inner][vc_row_inner equal_height=&#8221;yes&#8221; css=&#8221;.vc_custom_1500546217268{margin-top: 2em !important;margin-bottom: 2em !important;}&#8221;][vc_column_inner offset=&#8221;vc_col-md-offset-4 vc_col-md-4&#8243;][vc_wp_search title=&#8221;Pesquisar&#8221; el_class=&#8221;text-center&#8221;][\/vc_column_inner][\/vc_row_inner][vc_row_inner css=&#8221;.vc_custom_1493393449863{margin-top: 2em !important;margin-bottom: 2em !important;}&#8221;][vc_column_inner][vc_column_text]<\/p>\n<h3 style=\"text-align: center;\">Conhe\u00e7a as nossas solu\u00e7oes para a \u00e1rea Industrial e Bem-estar<\/h3>\n<p>&nbsp;<\/p>\n<p>[\/vc_column_text][\/vc_column_inner][vc_column_inner el_class=&#8221;px-md-2 full-box&#8221; width=&#8221;5\/12&#8243; offset=&#8221;vc_col-lg-offset-1 vc_col-lg-4 vc_col-md-offset-1 vc_col-md-5 vc_col-sm-offset-1 vc_col-xs-offset-2 vc_col-xs-8&#8243;][vc_column_text]<div class=\"full-box\" style=\"background-color:#4eb0cc\">\r\n\t\t\t\t\t\t<img decoding=\"async\" src=\"\/public\/uploads\/Industrial_Division_1.jpg\" class=\"img-responsive center-block w100\">\r\n\t\t\t\t\t\t<div class=\"full-box-content\">\r\n\t\t\t\t\t\t\t<h3>Solu\u00e7oes para o setor industrial<\/h3>\r\n\t\t\t\t\t\t\t<div class=\"separator separator-white\"><\/div>\r\n\t\t\t\t\t\t\t<p>incluindo fabrica\u00e7\u00e3o moldes, fundi\u00e7\u00e3o corporal, prototipa\u00e7\u00e3o e efeitos especiais.<\/p>\r\n\t\t\t\t\t\t\t<a href=\"\/product_category\/Industrial\" class=\"btn btn-primary outlinew btn-lg my-1\">Saiba mais<\/a>\r\n\t\t\t\t\t\t<\/div>\r\n\t\t\t\t\t<\/div>[\/vc_column_text][\/vc_column_inner][vc_column_inner el_class=&#8221;px-md-2 full-box&#8221; width=&#8221;5\/12&#8243; offset=&#8221;vc_col-lg-offset-2 vc_col-lg-4 vc_col-md-offset-0 vc_col-md-5 vc_col-sm-offset-0 vc_col-xs-offset-2 vc_col-xs-8&#8243;][vc_column_text]<div class=\"full-box\" style=\"background-color:#9c6\">\r\n\t\t\t\t\t\t<img decoding=\"async\" src=\"\/public\/uploads\/Img_Maschera_Wellbeing_21-03_660x350.jpg\" class=\"img-responsive center-block w100\">\r\n\t\t\t\t\t\t<div class=\"full-box-content\">\r\n\t\t\t\t\t\t\t<h3>Solu\u00e7oes para Bem-estar<\/h3>\r\n\t\t\t\t\t\t\t<div class=\"separator separator-white\"><\/div>\r\n\t\t\t\t\t\t\t<p>Materiais para Bem-estar das pessoas, cosm\u00e9tica, podologia, otologia<\/p>\r\n\t\t\t\t\t\t\t<a href=\"https:\/\/www.zhermack.com\/product_category\/wellbeing\/\" class=\"btn btn-primary outlinew btn-lg my-1\">Saiba mais<\/a>\r\n\t\t\t\t\t\t<\/div>\r\n\t\t\t\t\t<\/div>[\/vc_column_text][\/vc_column_inner][\/vc_row_inner][\/vc_column][vc_column][\/vc_column][\/vc_row][vc_row full_width=&#8221;stretch_row_content_no_spaces&#8221; content_placement=&#8221;middle&#8221; el_class=&#8221;cta text-center&#8221;][vc_column][vc_column_text]<\/p>\n<h3>Clique aqui para solicitar informa\u00e7\u00e3o sobre nossa empresa ou produtos<\/h3>\n<p><a class=\"btn btn-lg btn-primary\" href=\"https:\/\/www.zhermack.com\/br\/contatos\/\">Contato<\/a>[\/vc_column_text][\/vc_column][\/vc_row][vc_row][vc_column][\/vc_column][\/vc_row]<\/p>\n<\/div>","protected":false},"excerpt":{"rendered":"<p>[vc_row full_width=&#8221;stretch_row_content_no_spaces&#8221; css=&#8221;.vc_custom_1498491953712{padding-top: 1em !important;padding-bottom: 1em !important;}&#8221;][vc_column el_class=&#8221;container&#8221;][vc_row_inner css=&#8221;.vc_custom_1701704681387{padding-right: 2rem !important;padding-left: 2rem !important;}&#8221;][vc_column_inner width=&#8221;1\/2&#8243; offset=&#8221;vc_col-sm-offset-3&#8243;][vc_column_text css=&#8221;&#8221;] Mundo Zhermack Os melhores materiais e solu\u00e7\u00f5es para moldagens e restaura\u00e7\u00f5es tempor\u00e1rias. A Zhermack \u00e9 a maior e mais importante produtora e distribuidora de materiais como: alginatos, gessos e f\u00f3rmulas de silicone para o setor odontol\u00f3gico h\u00e1 mais de [&hellip;]<\/p>\n","protected":false},"author":1,"featured_media":0,"parent":0,"menu_order":18,"comment_status":"closed","ping_status":"closed","template":"front-page.php","meta":{"_acf_changed":false,"footnotes":""},"class_list":["post-46227","page","type-page","status-publish","hentry"],"acf":[],"yoast_head":"<!-- This site is optimized with the Yoast SEO plugin v27.5 - https:\/\/yoast.com\/product\/yoast-seo-wordpress\/ -->\n<title>Materiali per il settore Dental, Industrial e Welbeing - Zhermack<\/title>\n<meta name=\"description\" content=\"Tra i maggiori produttori e distributori internazionali di alginati, gessi e composti siliconici per il settore dentale e industriale.\" \/>\n<meta name=\"robots\" content=\"index, follow, max-snippet:-1, max-image-preview:large, max-video-preview:-1\" \/>\n<link rel=\"canonical\" href=\"https:\/\/www.zhermack.com\/br\/\" \/>\n<meta property=\"og:locale\" content=\"pt_PT\" \/>\n<meta property=\"og:type\" content=\"article\" \/>\n<meta property=\"og:title\" content=\"Materiali per il settore Dental, Industrial e Welbeing - Zhermack\" \/>\n<meta property=\"og:description\" content=\"Tra i maggiori produttori e distributori internazionali di alginati, gessi e composti siliconici per il settore dentale e industriale.\" \/>\n<meta property=\"og:url\" content=\"https:\/\/www.zhermack.com\/br\/\" \/>\n<meta property=\"og:site_name\" content=\"Zhermack\" \/>\n<meta property=\"article:modified_time\" content=\"2026-05-04T10:10:54+00:00\" \/>\n<meta property=\"og:image\" content=\"https:\/\/www.zhermack.com\/public\/uploads\/Header_Company.jpg\" \/>\n\t<meta property=\"og:image:width\" content=\"2300\" \/>\n\t<meta property=\"og:image:height\" content=\"400\" \/>\n\t<meta property=\"og:image:type\" content=\"image\/jpeg\" \/>\n<meta name=\"twitter:card\" content=\"summary_large_image\" \/>\n<meta name=\"twitter:label1\" content=\"Est. reading time\" \/>\n\t<meta name=\"twitter:data1\" content=\"2 minutes\" \/>\n<script type=\"application\/ld+json\" class=\"yoast-schema-graph\">{\"@context\":\"https:\\\/\\\/schema.org\",\"@graph\":[{\"@type\":\"WebPage\",\"@id\":\"https:\\\/\\\/www.zhermack.com\\\/br\\\/\",\"url\":\"https:\\\/\\\/www.zhermack.com\\\/br\\\/\",\"name\":\"Materiali per il settore Dental, Industrial e Welbeing - Zhermack\",\"isPartOf\":{\"@id\":\"https:\\\/\\\/www.zhermack.com\\\/br\\\/#website\"},\"datePublished\":\"2017-04-06T09:19:32+00:00\",\"dateModified\":\"2026-05-04T10:10:54+00:00\",\"description\":\"Tra i maggiori produttori e distributori internazionali di alginati, gessi e composti siliconici per il settore dentale e industriale.\",\"breadcrumb\":{\"@id\":\"https:\\\/\\\/www.zhermack.com\\\/br\\\/#breadcrumb\"},\"inLanguage\":\"pt\",\"potentialAction\":[{\"@type\":\"ReadAction\",\"target\":[\"https:\\\/\\\/www.zhermack.com\\\/br\\\/\"]}]},{\"@type\":\"BreadcrumbList\",\"@id\":\"https:\\\/\\\/www.zhermack.com\\\/br\\\/#breadcrumb\",\"itemListElement\":[{\"@type\":\"ListItem\",\"position\":1,\"name\":\"Home\",\"item\":\"https:\\\/\\\/www.zhermack.com\\\/br\\\/\"},{\"@type\":\"ListItem\",\"position\":2,\"name\":\"Home\"}]},{\"@type\":\"WebSite\",\"@id\":\"https:\\\/\\\/www.zhermack.com\\\/br\\\/#website\",\"url\":\"https:\\\/\\\/www.zhermack.com\\\/br\\\/\",\"name\":\"Zhermack\",\"description\":\"\",\"publisher\":{\"@id\":\"https:\\\/\\\/www.zhermack.com\\\/br\\\/#organization\"},\"potentialAction\":[{\"@type\":\"SearchAction\",\"target\":{\"@type\":\"EntryPoint\",\"urlTemplate\":\"https:\\\/\\\/www.zhermack.com\\\/br\\\/?s={search_term_string}\"},\"query-input\":{\"@type\":\"PropertyValueSpecification\",\"valueRequired\":true,\"valueName\":\"search_term_string\"}}],\"inLanguage\":\"pt\"},{\"@type\":\"Organization\",\"@id\":\"https:\\\/\\\/www.zhermack.com\\\/br\\\/#organization\",\"name\":\"zhermack\",\"url\":\"https:\\\/\\\/www.zhermack.com\\\/br\\\/\",\"logo\":{\"@type\":\"ImageObject\",\"inLanguage\":\"pt\",\"@id\":\"https:\\\/\\\/www.zhermack.com\\\/br\\\/#\\\/schema\\\/logo\\\/image\\\/\",\"url\":\"\\\/public\\\/uploads\\\/logo-1.png\",\"contentUrl\":\"\\\/public\\\/uploads\\\/logo-1.png\",\"width\":284,\"height\":37,\"caption\":\"zhermack\"},\"image\":{\"@id\":\"https:\\\/\\\/www.zhermack.com\\\/br\\\/#\\\/schema\\\/logo\\\/image\\\/\"}}]}<\/script>\n<!-- \/ Yoast SEO plugin. -->","yoast_head_json":{"title":"Materiali per il settore Dental, Industrial e Welbeing - Zhermack","description":"Tra i maggiori produttori e distributori internazionali di alginati, gessi e composti siliconici per il settore dentale e industriale.","robots":{"index":"index","follow":"follow","max-snippet":"max-snippet:-1","max-image-preview":"max-image-preview:large","max-video-preview":"max-video-preview:-1"},"canonical":"https:\/\/www.zhermack.com\/br\/","og_locale":"pt_PT","og_type":"article","og_title":"Materiali per il settore Dental, Industrial e Welbeing - Zhermack","og_description":"Tra i maggiori produttori e distributori internazionali di alginati, gessi e composti siliconici per il settore dentale e industriale.","og_url":"https:\/\/www.zhermack.com\/br\/","og_site_name":"Zhermack","article_modified_time":"2026-05-04T10:10:54+00:00","og_image":[{"width":2300,"height":400,"url":"https:\/\/www.zhermack.com\/public\/uploads\/Header_Company.jpg","type":"image\/jpeg"}],"twitter_card":"summary_large_image","twitter_misc":{"Est. reading time":"2 minutes"},"schema":{"@context":"https:\/\/schema.org","@graph":[{"@type":"WebPage","@id":"https:\/\/www.zhermack.com\/br\/","url":"https:\/\/www.zhermack.com\/br\/","name":"Materiali per il settore Dental, Industrial e Welbeing - Zhermack","isPartOf":{"@id":"https:\/\/www.zhermack.com\/br\/#website"},"datePublished":"2017-04-06T09:19:32+00:00","dateModified":"2026-05-04T10:10:54+00:00","description":"Tra i maggiori produttori e distributori internazionali di alginati, gessi e composti siliconici per il settore dentale e industriale.","breadcrumb":{"@id":"https:\/\/www.zhermack.com\/br\/#breadcrumb"},"inLanguage":"pt","potentialAction":[{"@type":"ReadAction","target":["https:\/\/www.zhermack.com\/br\/"]}]},{"@type":"BreadcrumbList","@id":"https:\/\/www.zhermack.com\/br\/#breadcrumb","itemListElement":[{"@type":"ListItem","position":1,"name":"Home","item":"https:\/\/www.zhermack.com\/br\/"},{"@type":"ListItem","position":2,"name":"Home"}]},{"@type":"WebSite","@id":"https:\/\/www.zhermack.com\/br\/#website","url":"https:\/\/www.zhermack.com\/br\/","name":"Zhermack","description":"","publisher":{"@id":"https:\/\/www.zhermack.com\/br\/#organization"},"potentialAction":[{"@type":"SearchAction","target":{"@type":"EntryPoint","urlTemplate":"https:\/\/www.zhermack.com\/br\/?s={search_term_string}"},"query-input":{"@type":"PropertyValueSpecification","valueRequired":true,"valueName":"search_term_string"}}],"inLanguage":"pt"},{"@type":"Organization","@id":"https:\/\/www.zhermack.com\/br\/#organization","name":"zhermack","url":"https:\/\/www.zhermack.com\/br\/","logo":{"@type":"ImageObject","inLanguage":"pt","@id":"https:\/\/www.zhermack.com\/br\/#\/schema\/logo\/image\/","url":"\/public\/uploads\/logo-1.png","contentUrl":"\/public\/uploads\/logo-1.png","width":284,"height":37,"caption":"zhermack"},"image":{"@id":"https:\/\/www.zhermack.com\/br\/#\/schema\/logo\/image\/"}}]}},"_links":{"self":[{"href":"https:\/\/www.zhermack.com\/br\/wp-json\/wp\/v2\/pages\/46227","targetHints":{"allow":["GET"]}}],"collection":[{"href":"https:\/\/www.zhermack.com\/br\/wp-json\/wp\/v2\/pages"}],"about":[{"href":"https:\/\/www.zhermack.com\/br\/wp-json\/wp\/v2\/types\/page"}],"author":[{"embeddable":true,"href":"https:\/\/www.zhermack.com\/br\/wp-json\/wp\/v2\/users\/1"}],"replies":[{"embeddable":true,"href":"https:\/\/www.zhermack.com\/br\/wp-json\/wp\/v2\/comments?post=46227"}],"version-history":[{"count":3,"href":"https:\/\/www.zhermack.com\/br\/wp-json\/wp\/v2\/pages\/46227\/revisions"}],"predecessor-version":[{"id":54312,"href":"https:\/\/www.zhermack.com\/br\/wp-json\/wp\/v2\/pages\/46227\/revisions\/54312"}],"wp:attachment":[{"href":"https:\/\/www.zhermack.com\/br\/wp-json\/wp\/v2\/media?parent=46227"}],"curies":[{"name":"wp","href":"https:\/\/api.w.org\/{rel}","templated":true}]}}